{"id":1712,"date":"2020-04-17T18:57:12","date_gmt":"2020-04-17T23:57:12","guid":{"rendered":"https:\/\/www.ucnc.com.co\/sitio\/?page_id=1712"},"modified":"2024-03-13T15:54:54","modified_gmt":"2024-03-13T20:54:54","slug":"memorandos","status":"publish","type":"page","link":"https:\/\/www.ucnc.com.co\/sitio\/memorandos\/","title":{"rendered":"Memorandos"},"content":{"rendered":"\t\t<div data-elementor-type=\"wp-page\" data-elementor-id=\"1712\" class=\"elementor elementor-1712\" data-elementor-post-type=\"page\">\n\t\t\t\t\t\t\t\t\t<section class=\"elementor-section elementor-top-section elementor-element elementor-element-1fcea28c elementor-section-boxed elementor-section-height-default elementor-section-height-default\" data-id=\"1fcea28c\" data-element_type=\"section\">\n\t\t\t\t\t\t<div class=\"elementor-container elementor-column-gap-default\">\n\t\t\t\t\t<div class=\"elementor-column elementor-col-100 elementor-top-column elementor-element elementor-element-746b1c37\" data-id=\"746b1c37\" data-element_type=\"column\">\n\t\t\t<div class=\"elementor-widget-wrap elementor-element-populated\">\n\t\t\t\t\t\t\t\t<div class=\"elementor-element elementor-element-60d24708 elementor-widget elementor-widget-text-editor\" data-id=\"60d24708\" data-element_type=\"widget\" data-widget_type=\"text-editor.default\">\n\t\t\t\t<div class=\"elementor-widget-container\">\n\t\t\t<style>\/*! elementor - v3.15.0 - 20-08-2023 *\/\n.elementor-widget-text-editor.elementor-drop-cap-view-stacked .elementor-drop-cap{background-color:#69727d;color:#fff}.elementor-widget-text-editor.elementor-drop-cap-view-framed .elementor-drop-cap{color:#69727d;border:3px solid;background-color:transparent}.elementor-widget-text-editor:not(.elementor-drop-cap-view-default) .elementor-drop-cap{margin-top:8px}.elementor-widget-text-editor:not(.elementor-drop-cap-view-default) .elementor-drop-cap-letter{width:1em;height:1em}.elementor-widget-text-editor .elementor-drop-cap{float:left;text-align:center;line-height:1;font-size:50px}.elementor-widget-text-editor .elementor-drop-cap-letter{display:inline-block}<\/style>\t\t\t\t<!-- wp:shortcode -->\n<style>.wp-show-posts-columns#wpsp-3757 {margin-left: -2em; }.wp-show-posts-columns#wpsp-3757 .wp-show-posts-inner {margin: 0 0 2em 2em; }<\/style><section id=\"wpsp-3757\" class=\" wp-show-posts\" style=\"\"><article class=\" wp-show-posts-single wpsp-clearfix post-15546 post type-post status-publish format-standard hentry category-memorandos\" itemtype=\"http:\/\/schema.org\/CreativeWork\" itemscope><div class=\"wp-show-posts-inner\" style=\"\">\t\t\t\t\t\t<header class=\"wp-show-posts-entry-header\">\n\t\t\t\t\t\t\t<h3 class=\"wp-show-posts-entry-title\" itemprop=\"headline\"><a href=\"https:\/\/www.ucnc.com.co\/sitio\/memorando-no-3412\/\" rel=\"bookmark\">Memorando No. 3412<\/a><\/h3>\t\t\t\t\t\t<\/header><!-- .entry-header -->\n\t\t\t\t\t\t\t\t\t\t\t<div class=\"wp-show-posts-entry-summary\" itemprop=\"text\">\n\t\t\t\t\t\t\t<p>Memorando No. 3394 Bogot\u00e1 D.C. 1 de noviembre de 2023 Tema: Informaci\u00f3n nuevo papel de seguridad notarial Cadena S.A.De: Presidencia UCNC.Para: Notarios del Pa\u00eds.Respetados Se\u00f1ores Notarios, reciban un cordial saludo:En&#8230;<\/p>\n\t\t\t\t\t\t<\/div><!-- .entry-summary -->\n\t\t\t\t\t<div class=\"wpsp-read-more\"><a title=\"Memorando No. 3412\" class=\"wp-show-posts-read-more\" href=\"https:\/\/www.ucnc.com.co\/sitio\/memorando-no-3412\/\">Leer m\u00e1s<\/a><\/div><\/div><!-- wp-show-posts-inner --><div class=\"wpsp-clear\"><\/div><\/article><article class=\" wp-show-posts-single wpsp-clearfix post-15537 post type-post status-publish format-standard hentry category-memorandos\" itemtype=\"http:\/\/schema.org\/CreativeWork\" itemscope><div class=\"wp-show-posts-inner\" style=\"\">\t\t\t\t\t\t<header class=\"wp-show-posts-entry-header\">\n\t\t\t\t\t\t\t<h3 class=\"wp-show-posts-entry-title\" itemprop=\"headline\"><a href=\"https:\/\/www.ucnc.com.co\/sitio\/memorando-no-3411\/\" rel=\"bookmark\">Memorando No. 3411<\/a><\/h3>\t\t\t\t\t\t<\/header><!-- .entry-header -->\n\t\t\t\t\t\t\t\t\t\t\t<div class=\"wp-show-posts-entry-summary\" itemprop=\"text\">\n\t\t\t\t\t\t\t<p>Memorando No. 3411 Bogot\u00e1 D.C. 31 de octubre de 2023 Tema: Nuevo proveedor de Papel de Seguridad Notarial \u2013 CADENA S.A. De: Presidencia UCNC. Para: Notarios del Pa\u00eds. Apreciados Se\u00f1ores&#8230;<\/p>\n\t\t\t\t\t\t<\/div><!-- .entry-summary -->\n\t\t\t\t\t<div class=\"wpsp-read-more\"><a title=\"Memorando No. 3411\" class=\"wp-show-posts-read-more\" href=\"https:\/\/www.ucnc.com.co\/sitio\/memorando-no-3411\/\">Leer m\u00e1s<\/a><\/div><\/div><!-- wp-show-posts-inner --><div class=\"wpsp-clear\"><\/div><\/article><article class=\" wp-show-posts-single wpsp-clearfix post-15326 post type-post status-publish format-standard hentry category-memorandos\" itemtype=\"http:\/\/schema.org\/CreativeWork\" itemscope><div class=\"wp-show-posts-inner\" style=\"\">\t\t\t\t\t\t<header class=\"wp-show-posts-entry-header\">\n\t\t\t\t\t\t\t<h3 class=\"wp-show-posts-entry-title\" itemprop=\"headline\"><a href=\"https:\/\/www.ucnc.com.co\/sitio\/certificado-jornada-de-capacitacion-y-actualizacion-siplaft\/\" rel=\"bookmark\">Certificado Jornada de Capacitaci\u00f3n y Actualizaci\u00f3n &#8220;SIPLAFT&#8221;<\/a><\/h3>\t\t\t\t\t\t<\/header><!-- .entry-header -->\n\t\t\t\t\t\t\t\t\t\t\t<div class=\"wp-show-posts-entry-summary\" itemprop=\"text\">\n\t\t\t\t\t\t\t<p>Memorando No. 3398 Bogot\u00e1 D.C. 5 de septiembre de 2023 Tema: Certificados Jornada de Capacitaci\u00f3n y Actualizaci\u00f3n \u201cSIPLAFT\u201d. De: Presidencia UCNC. Para: Notarios del Pa\u00eds. Respetados Se\u00f1ores(as) Notarios(as): Me es&#8230;<\/p>\n\t\t\t\t\t\t<\/div><!-- .entry-summary -->\n\t\t\t\t\t<div class=\"wpsp-read-more\"><a title=\"Certificado Jornada de Capacitaci\u00f3n y Actualizaci\u00f3n &#8220;SIPLAFT&#8221;\" class=\"wp-show-posts-read-more\" href=\"https:\/\/www.ucnc.com.co\/sitio\/certificado-jornada-de-capacitacion-y-actualizacion-siplaft\/\">Leer m\u00e1s<\/a><\/div><\/div><!-- wp-show-posts-inner --><div class=\"wpsp-clear\"><\/div><\/article><article class=\" wp-show-posts-single wpsp-clearfix post-15253 post type-post status-publish format-standard hentry category-memorandos\" itemtype=\"http:\/\/schema.org\/CreativeWork\" itemscope><div class=\"wp-show-posts-inner\" style=\"\">\t\t\t\t\t\t<header class=\"wp-show-posts-entry-header\">\n\t\t\t\t\t\t\t<h3 class=\"wp-show-posts-entry-title\" itemprop=\"headline\"><a href=\"https:\/\/www.ucnc.com.co\/sitio\/elementor-15253\/\" rel=\"bookmark\">Informaci\u00f3n DIAN sobre el canal \u00fanico de radicaci\u00f3n y recepci\u00f3n de solicitudes para tramitar sucesiones correspondientes a Bogot\u00e1.<\/a><\/h3>\t\t\t\t\t\t<\/header><!-- .entry-header -->\n\t\t\t\t\t\t\t\t\t\t\t<div class=\"wp-show-posts-entry-summary\" itemprop=\"text\">\n\t\t\t\t\t\t\t<p>Informaci\u00f3n DIAN sobre el canal \u00fanico de radicaci\u00f3n y recepci\u00f3n desolicitudes para tramitar sucesiones correspondientes a Bogot\u00e1. Informaci\u00f3n DIAN sobre el canal \u00fanico de radicaci\u00f3n y recepci\u00f3n desolicitudes para tramitar&#8230;<\/p>\n\t\t\t\t\t\t<\/div><!-- .entry-summary -->\n\t\t\t\t\t<div class=\"wpsp-read-more\"><a title=\"Informaci\u00f3n DIAN sobre el canal \u00fanico de radicaci\u00f3n y recepci\u00f3n de solicitudes para tramitar sucesiones correspondientes a Bogot\u00e1.\" class=\"wp-show-posts-read-more\" href=\"https:\/\/www.ucnc.com.co\/sitio\/elementor-15253\/\">Leer m\u00e1s<\/a><\/div><\/div><!-- wp-show-posts-inner --><div class=\"wpsp-clear\"><\/div><\/article><article class=\" wp-show-posts-single wpsp-clearfix post-15172 post type-post status-publish format-standard hentry category-memorandos\" itemtype=\"http:\/\/schema.org\/CreativeWork\" itemscope><div class=\"wp-show-posts-inner\" style=\"\">\t\t\t\t\t\t<header class=\"wp-show-posts-entry-header\">\n\t\t\t\t\t\t\t<h3 class=\"wp-show-posts-entry-title\" itemprop=\"headline\"><a href=\"https:\/\/www.ucnc.com.co\/sitio\/informacion-matriz-ita-2023\/\" rel=\"bookmark\">Informaci\u00f3n Matriz ITA &#8211; 2023<\/a><\/h3>\t\t\t\t\t\t<\/header><!-- .entry-header -->\n\t\t\t\t\t\t\t\t\t\t\t<div class=\"wp-show-posts-entry-summary\" itemprop=\"text\">\n\t\t\t\t\t\t\t<p>Memorando No. 3394 Bogot\u00e1 D.C. 11 de agosto de 2023 Tema: Informaci\u00f3n Matriz ITA &#8211; 2023. De: Presidencia UCNC. Para: Notarios del Pa\u00eds. Respetados Se\u00f1ores(as) Notarios(as): Con ocasi\u00f3n de la&#8230;<\/p>\n\t\t\t\t\t\t<\/div><!-- .entry-summary -->\n\t\t\t\t\t<div class=\"wpsp-read-more\"><a title=\"Informaci\u00f3n Matriz ITA &#8211; 2023\" class=\"wp-show-posts-read-more\" href=\"https:\/\/www.ucnc.com.co\/sitio\/informacion-matriz-ita-2023\/\">Leer m\u00e1s<\/a><\/div><\/div><!-- wp-show-posts-inner --><div class=\"wpsp-clear\"><\/div><\/article><article class=\" wp-show-posts-single wpsp-clearfix post-14840 post type-post status-publish format-standard hentry category-memorandos\" itemtype=\"http:\/\/schema.org\/CreativeWork\" itemscope><div class=\"wp-show-posts-inner\" style=\"\">\t\t\t\t\t\t<header class=\"wp-show-posts-entry-header\">\n\t\t\t\t\t\t\t<h3 class=\"wp-show-posts-entry-title\" itemprop=\"headline\"><a href=\"https:\/\/www.ucnc.com.co\/sitio\/apoyo-a-la-snr-en-las-actualizaciones-del-sin\/\" rel=\"bookmark\">Apoyo a la SNR en las actualizaciones del Sistema de Informaci\u00f3n Notarial<\/a><\/h3>\t\t\t\t\t\t<\/header><!-- .entry-header -->\n\t\t\t\t\t\t\t\t\t\t\t<div class=\"wp-show-posts-entry-summary\" itemprop=\"text\">\n\t\t\t\t\t\t\t<p>Memorando No. 3390 Bogot\u00e1 D.C. 2 de agosto de 2023 Tema: Apoyo a la SNR en las actualizaciones del Sistema de Informaci\u00f3n Notarial &#8211; SIN. De: Presidencia UCNC. Para: Notarios&#8230;<\/p>\n\t\t\t\t\t\t<\/div><!-- .entry-summary -->\n\t\t\t\t\t<div class=\"wpsp-read-more\"><a title=\"Apoyo a la SNR en las actualizaciones del Sistema de Informaci\u00f3n Notarial\" class=\"wp-show-posts-read-more\" href=\"https:\/\/www.ucnc.com.co\/sitio\/apoyo-a-la-snr-en-las-actualizaciones-del-sin\/\">Leer m\u00e1s<\/a><\/div><\/div><!-- wp-show-posts-inner --><div class=\"wpsp-clear\"><\/div><\/article><article class=\" wp-show-posts-single wpsp-clearfix post-14769 post type-post status-publish format-standard hentry category-memorandos\" itemtype=\"http:\/\/schema.org\/CreativeWork\" itemscope><div class=\"wp-show-posts-inner\" style=\"\">\t\t\t\t\t\t<header class=\"wp-show-posts-entry-header\">\n\t\t\t\t\t\t\t<h3 class=\"wp-show-posts-entry-title\" itemprop=\"headline\"><a href=\"https:\/\/www.ucnc.com.co\/sitio\/memorando-3389-renovacion-convenio-fenascol\/\" rel=\"bookmark\">Memorando 3389 &#8211; Renovaci\u00f3n convenio FENASCOL<\/a><\/h3>\t\t\t\t\t\t<\/header><!-- .entry-header -->\n\t\t\t\t\t\t\t\t\t\t\t<div class=\"wp-show-posts-entry-summary\" itemprop=\"text\">\n\t\t\t\t\t\t\t<p>Memorando No. 3389 Bogot\u00e1 D.C. 27 de julio de 2023 Tema: Renovaci\u00f3n convenio FENASCOL. De: Presidencia UCNC. Para: Notarios del Pa\u00eds. Respetados Se\u00f1ores(as) Notarios(as): Me es grato informarles que para&#8230;<\/p>\n\t\t\t\t\t\t<\/div><!-- .entry-summary -->\n\t\t\t\t\t<div class=\"wpsp-read-more\"><a title=\"Memorando 3389 &#8211; Renovaci\u00f3n convenio FENASCOL\" class=\"wp-show-posts-read-more\" href=\"https:\/\/www.ucnc.com.co\/sitio\/memorando-3389-renovacion-convenio-fenascol\/\">Leer m\u00e1s<\/a><\/div><\/div><!-- wp-show-posts-inner --><div class=\"wpsp-clear\"><\/div><\/article><article class=\" wp-show-posts-single wpsp-clearfix post-14622 post type-post status-publish format-standard hentry category-memorandos\" itemtype=\"http:\/\/schema.org\/CreativeWork\" itemscope><div class=\"wp-show-posts-inner\" style=\"\">\t\t\t\t\t\t<header class=\"wp-show-posts-entry-header\">\n\t\t\t\t\t\t\t<h3 class=\"wp-show-posts-entry-title\" itemprop=\"headline\"><a href=\"https:\/\/www.ucnc.com.co\/sitio\/memorando-3386\/\" rel=\"bookmark\">Memorando 3386<\/a><\/h3>\t\t\t\t\t\t<\/header><!-- .entry-header -->\n\t\t\t\t\t\t\t\t\t\t\t<div class=\"wp-show-posts-entry-summary\" itemprop=\"text\">\n\t\t\t\t\t\t\t<p>Memorando No. 3386 Bogot\u00e1 D.C. 24 de julio de 2023 Tema: Proyecto de Decreto &#8211; &#8220;Notariat\u00f3n\u201d De: Presidencia UCNC. Para: Notarios del Pa\u00eds. Respetados Se\u00f1ores(as) Notarios(as): Para su conocimiento, con&#8230;<\/p>\n\t\t\t\t\t\t<\/div><!-- .entry-summary -->\n\t\t\t\t\t<div class=\"wpsp-read-more\"><a title=\"Memorando 3386\" class=\"wp-show-posts-read-more\" href=\"https:\/\/www.ucnc.com.co\/sitio\/memorando-3386\/\">Leer m\u00e1s<\/a><\/div><\/div><!-- wp-show-posts-inner --><div class=\"wpsp-clear\"><\/div><\/article><article class=\" wp-show-posts-single wpsp-clearfix post-14093 post type-post status-publish format-standard hentry category-memorandos\" itemtype=\"http:\/\/schema.org\/CreativeWork\" itemscope><div class=\"wp-show-posts-inner\" style=\"\">\t\t\t\t\t\t<header class=\"wp-show-posts-entry-header\">\n\t\t\t\t\t\t\t<h3 class=\"wp-show-posts-entry-title\" itemprop=\"headline\"><a href=\"https:\/\/www.ucnc.com.co\/sitio\/elementor-14093\/\" rel=\"bookmark\">Memorando No. 3380<\/a><\/h3>\t\t\t\t\t\t<\/header><!-- .entry-header -->\n\t\t\t\t\t\t\t\t\t\t\t<div class=\"wp-show-posts-entry-summary\" itemprop=\"text\">\n\t\t\t\t\t\t\t<p>Memorando No. 3380 Bogot\u00e1 D.C. 20 de junio de 2023 Tema: Instrucciones para la inclusi\u00f3n de la categor\u00eda \u201cNo Binario\u201d en elcomponente sexo en los registros civiles. De: Presidencia UCNC&#8230;.<\/p>\n\t\t\t\t\t\t<\/div><!-- .entry-summary -->\n\t\t\t\t\t<div class=\"wpsp-read-more\"><a title=\"Memorando No. 3380\" class=\"wp-show-posts-read-more\" href=\"https:\/\/www.ucnc.com.co\/sitio\/elementor-14093\/\">Leer m\u00e1s<\/a><\/div><\/div><!-- wp-show-posts-inner --><div class=\"wpsp-clear\"><\/div><\/article><article class=\" wp-show-posts-single wpsp-clearfix post-14018 post type-post status-publish format-standard hentry category-memorandos\" itemtype=\"http:\/\/schema.org\/CreativeWork\" itemscope><div class=\"wp-show-posts-inner\" style=\"\">\t\t\t\t\t\t<header class=\"wp-show-posts-entry-header\">\n\t\t\t\t\t\t\t<h3 class=\"wp-show-posts-entry-title\" itemprop=\"headline\"><a href=\"https:\/\/www.ucnc.com.co\/sitio\/memorando-no-3378\/\" rel=\"bookmark\">Memorando No. 3378 &#8211; P.L.E C\u00f3digo Electoral<\/a><\/h3>\t\t\t\t\t\t<\/header><!-- .entry-header -->\n\t\t\t\t\t\t\t\t\t\t\t<div class=\"wp-show-posts-entry-summary\" itemprop=\"text\">\n\t\t\t\t\t\t\t<p>Memorando No. 3378 Bogot\u00e1 D.C. 6 de junio de 2023 Tema: Informe de ponencia para primer debate del proyecto de ley \u201cPor el cual se expide el c\u00f3digo electoral colombiano&#8230;<\/p>\n\t\t\t\t\t\t<\/div><!-- .entry-summary -->\n\t\t\t\t\t<div class=\"wpsp-read-more\"><a title=\"Memorando No. 3378 &#8211; P.L.E C\u00f3digo Electoral\" class=\"wp-show-posts-read-more\" href=\"https:\/\/www.ucnc.com.co\/sitio\/memorando-no-3378\/\">Leer m\u00e1s<\/a><\/div><\/div><!-- wp-show-posts-inner --><div class=\"wpsp-clear\"><\/div><\/article><\/section><!-- .wp-show-posts --><div class=\"wpsp-load-more\"><span aria-current=\"page\" class=\"page-numbers current\">1<\/span>\n<a class=\"page-numbers\" href=\"https:\/\/www.ucnc.com.co\/sitio\/wp-json\/wp\/v2\/pages\/1712\/page\/2\/\">2<\/a>\n<span class=\"page-numbers dots\">&hellip;<\/span>\n<a class=\"page-numbers\" href=\"https:\/\/www.ucnc.com.co\/sitio\/wp-json\/wp\/v2\/pages\/1712\/page\/77\/\">77<\/a>\n<a class=\"next page-numbers\" href=\"https:\/\/www.ucnc.com.co\/sitio\/wp-json\/wp\/v2\/pages\/1712\/page\/2\/\">Next &rarr;<\/a><\/div>\n<!-- \/wp:shortcode -->\n\n<!-- wp:paragraph -->\n<p>Conozca nuestros boletines de prensa haciendo <a href=\"https:\/\/www.ucnc.com.co\/sitio\/boletines-de-prensa-2020\/\">clic aqu\u00ed<\/a><\/p>\n<!-- \/wp:paragraph -->\n\n<!-- wp:paragraph -->\n<p>Consulte nuestras \u00faltimas publicaciones en <a href=\"https:\/\/twitter.com\/notariadoucnc\">Twitter<\/a><\/p>\n<!-- \/wp:paragraph -->\t\t\t\t\t\t<\/div>\n\t\t\t\t<\/div>\n\t\t\t\t\t<\/div>\n\t\t<\/div>\n\t\t\t\t\t\t\t<\/div>\n\t\t<\/section>\n\t\t\t\t\t\t\t<\/div>\n\t\t","protected":false},"excerpt":{"rendered":"<p>Conozca nuestros boletines de prensa haciendo clic aqu\u00ed Consulte nuestras \u00faltimas publicaciones en Twitter<\/p>\n","protected":false},"author":3,"featured_media":0,"parent":0,"menu_order":0,"comment_status":"closed","ping_status":"closed","template":"","meta":{"site-sidebar-layout":"default","site-content-layout":"","ast-site-content-layout":"","site-content-style":"default","site-sidebar-style":"default","ast-global-header-display":"","ast-banner-title-visibility":"","ast-main-header-display":"","ast-hfb-above-header-display":"","ast-hfb-below-header-display":"","ast-hfb-mobile-header-display":"","site-post-title":"","ast-breadcrumbs-content":"","ast-featured-img":"","footer-sml-layout":"","theme-transparent-header-meta":"","adv-header-id-meta":"","stick-header-meta":"","header-above-stick-meta":"","header-main-stick-meta":"","header-below-stick-meta":"","astra-migrate-meta-layouts":"","footnotes":""},"yoast_head":"<!-- This site is optimized with the Yoast SEO plugin v22.6 - https:\/\/yoast.com\/wordpress\/plugins\/seo\/ -->\n<title>Memorandos - UCNC - Uni\u00f3n Colegiada del Notariado Colombiano<\/title>\n<meta name=\"description\" content=\"Aqu\u00ed podr\u00e1s consultar los memorandos generados en la UCNC.\" \/>\n<meta name=\"robots\" content=\"index, follow, max-snippet:-1, max-image-preview:large, max-video-preview:-1\" \/>\n<link rel=\"canonical\" href=\"https:\/\/www.ucnc.com.co\/sitio\/memorandos\/\" \/>\n<meta property=\"og:locale\" content=\"es_ES\" \/>\n<meta property=\"og:type\" content=\"article\" \/>\n<meta property=\"og:title\" content=\"Memorandos - UCNC - Uni\u00f3n Colegiada del Notariado Colombiano\" \/>\n<meta property=\"og:description\" content=\"Aqu\u00ed podr\u00e1s consultar los memorandos generados en la UCNC.\" \/>\n<meta property=\"og:url\" content=\"https:\/\/www.ucnc.com.co\/sitio\/memorandos\/\" \/>\n<meta property=\"og:site_name\" content=\"UCNC - Uni\u00f3n Colegiada del Notariado Colombiano\" \/>\n<meta property=\"article:publisher\" content=\"https:\/\/www.facebook.com\/NotariadoColombiano\/\" \/>\n<meta property=\"article:modified_time\" content=\"2024-03-13T20:54:54+00:00\" \/>\n<meta name=\"twitter:card\" content=\"summary_large_image\" \/>\n<meta name=\"twitter:site\" content=\"@notariadoucnc\" \/>\n<script type=\"application\/ld+json\" class=\"yoast-schema-graph\">{\"@context\":\"https:\/\/schema.org\",\"@graph\":[{\"@type\":\"WebPage\",\"@id\":\"https:\/\/www.ucnc.com.co\/sitio\/memorandos\/\",\"url\":\"https:\/\/www.ucnc.com.co\/sitio\/memorandos\/\",\"name\":\"Memorandos - UCNC - Uni\u00f3n Colegiada del Notariado Colombiano\",\"isPartOf\":{\"@id\":\"https:\/\/www.ucnc.com.co\/sitio\/#website\"},\"datePublished\":\"2020-04-17T23:57:12+00:00\",\"dateModified\":\"2024-03-13T20:54:54+00:00\",\"description\":\"Aqu\u00ed podr\u00e1s consultar los memorandos generados en la UCNC.\",\"breadcrumb\":{\"@id\":\"https:\/\/www.ucnc.com.co\/sitio\/memorandos\/#breadcrumb\"},\"inLanguage\":\"es-CO\",\"potentialAction\":[{\"@type\":\"ReadAction\",\"target\":[\"https:\/\/www.ucnc.com.co\/sitio\/memorandos\/\"]}]},{\"@type\":\"BreadcrumbList\",\"@id\":\"https:\/\/www.ucnc.com.co\/sitio\/memorandos\/#breadcrumb\",\"itemListElement\":[{\"@type\":\"ListItem\",\"position\":1,\"name\":\"Home\",\"item\":\"https:\/\/www.ucnc.com.co\/sitio\/\"},{\"@type\":\"ListItem\",\"position\":2,\"name\":\"Memorandos\"}]},{\"@type\":\"WebSite\",\"@id\":\"https:\/\/www.ucnc.com.co\/sitio\/#website\",\"url\":\"https:\/\/www.ucnc.com.co\/sitio\/\",\"name\":\"UCNC - Uni\u00f3n Colegiada del Notariado Colombiano\",\"description\":\"Entidad privada sin \u00e1nimo de lucro que re\u00fane y representa a los notarios de Colombia.\",\"publisher\":{\"@id\":\"https:\/\/www.ucnc.com.co\/sitio\/#organization\"},\"alternateName\":\"UCNC\",\"potentialAction\":[{\"@type\":\"SearchAction\",\"target\":{\"@type\":\"EntryPoint\",\"urlTemplate\":\"https:\/\/www.ucnc.com.co\/sitio\/?s={search_term_string}\"},\"query-input\":\"required name=search_term_string\"}],\"inLanguage\":\"es-CO\"},{\"@type\":\"Organization\",\"@id\":\"https:\/\/www.ucnc.com.co\/sitio\/#organization\",\"name\":\"Uni\u00f3n Colegiada del Notariado Colombiano\",\"alternateName\":\"UCNC\",\"url\":\"https:\/\/www.ucnc.com.co\/sitio\/\",\"logo\":{\"@type\":\"ImageObject\",\"inLanguage\":\"es-CO\",\"@id\":\"https:\/\/www.ucnc.com.co\/sitio\/#\/schema\/logo\/image\/\",\"url\":\"https:\/\/www.ucnc.com.co\/sitio\/wp-content\/uploads\/2020\/03\/logo.png\",\"contentUrl\":\"https:\/\/www.ucnc.com.co\/sitio\/wp-content\/uploads\/2020\/03\/logo.png\",\"width\":1614,\"height\":1753,\"caption\":\"Uni\u00f3n Colegiada del Notariado Colombiano\"},\"image\":{\"@id\":\"https:\/\/www.ucnc.com.co\/sitio\/#\/schema\/logo\/image\/\"},\"sameAs\":[\"https:\/\/www.facebook.com\/NotariadoColombiano\/\",\"https:\/\/x.com\/notariadoucnc\",\"https:\/\/www.instagram.com\/notariado_ucnc\/\",\"https:\/\/www.linkedin.com\/company\/ucnc\",\"https:\/\/www.exijobiometria.com.co\/\",\"https:\/\/www.youtube.com\/channel\/UC8JdCyZfLJgPiGOM1qvJFQA\"]}]}<\/script>\n<!-- \/ Yoast SEO plugin. -->","yoast_head_json":{"title":"Memorandos - UCNC - Uni\u00f3n Colegiada del Notariado Colombiano","description":"Aqu\u00ed podr\u00e1s consultar los memorandos generados en la UCNC.","robots":{"index":"index","follow":"follow","max-snippet":"max-snippet:-1","max-image-preview":"max-image-preview:large","max-video-preview":"max-video-preview:-1"},"canonical":"https:\/\/www.ucnc.com.co\/sitio\/memorandos\/","og_locale":"es_ES","og_type":"article","og_title":"Memorandos - UCNC - Uni\u00f3n Colegiada del Notariado Colombiano","og_description":"Aqu\u00ed podr\u00e1s consultar los memorandos generados en la UCNC.","og_url":"https:\/\/www.ucnc.com.co\/sitio\/memorandos\/","og_site_name":"UCNC - Uni\u00f3n Colegiada del Notariado Colombiano","article_publisher":"https:\/\/www.facebook.com\/NotariadoColombiano\/","article_modified_time":"2024-03-13T20:54:54+00:00","twitter_card":"summary_large_image","twitter_site":"@notariadoucnc","schema":{"@context":"https:\/\/schema.org","@graph":[{"@type":"WebPage","@id":"https:\/\/www.ucnc.com.co\/sitio\/memorandos\/","url":"https:\/\/www.ucnc.com.co\/sitio\/memorandos\/","name":"Memorandos - UCNC - Uni\u00f3n Colegiada del Notariado Colombiano","isPartOf":{"@id":"https:\/\/www.ucnc.com.co\/sitio\/#website"},"datePublished":"2020-04-17T23:57:12+00:00","dateModified":"2024-03-13T20:54:54+00:00","description":"Aqu\u00ed podr\u00e1s consultar los memorandos generados en la UCNC.","breadcrumb":{"@id":"https:\/\/www.ucnc.com.co\/sitio\/memorandos\/#breadcrumb"},"inLanguage":"es-CO","potentialAction":[{"@type":"ReadAction","target":["https:\/\/www.ucnc.com.co\/sitio\/memorandos\/"]}]},{"@type":"BreadcrumbList","@id":"https:\/\/www.ucnc.com.co\/sitio\/memorandos\/#breadcrumb","itemListElement":[{"@type":"ListItem","position":1,"name":"Home","item":"https:\/\/www.ucnc.com.co\/sitio\/"},{"@type":"ListItem","position":2,"name":"Memorandos"}]},{"@type":"WebSite","@id":"https:\/\/www.ucnc.com.co\/sitio\/#website","url":"https:\/\/www.ucnc.com.co\/sitio\/","name":"UCNC - Uni\u00f3n Colegiada del Notariado Colombiano","description":"Entidad privada sin \u00e1nimo de lucro que re\u00fane y representa a los notarios de Colombia.","publisher":{"@id":"https:\/\/www.ucnc.com.co\/sitio\/#organization"},"alternateName":"UCNC","potentialAction":[{"@type":"SearchAction","target":{"@type":"EntryPoint","urlTemplate":"https:\/\/www.ucnc.com.co\/sitio\/?s={search_term_string}"},"query-input":"required name=search_term_string"}],"inLanguage":"es-CO"},{"@type":"Organization","@id":"https:\/\/www.ucnc.com.co\/sitio\/#organization","name":"Uni\u00f3n Colegiada del Notariado Colombiano","alternateName":"UCNC","url":"https:\/\/www.ucnc.com.co\/sitio\/","logo":{"@type":"ImageObject","inLanguage":"es-CO","@id":"https:\/\/www.ucnc.com.co\/sitio\/#\/schema\/logo\/image\/","url":"https:\/\/www.ucnc.com.co\/sitio\/wp-content\/uploads\/2020\/03\/logo.png","contentUrl":"https:\/\/www.ucnc.com.co\/sitio\/wp-content\/uploads\/2020\/03\/logo.png","width":1614,"height":1753,"caption":"Uni\u00f3n Colegiada del Notariado Colombiano"},"image":{"@id":"https:\/\/www.ucnc.com.co\/sitio\/#\/schema\/logo\/image\/"},"sameAs":["https:\/\/www.facebook.com\/NotariadoColombiano\/","https:\/\/x.com\/notariadoucnc","https:\/\/www.instagram.com\/notariado_ucnc\/","https:\/\/www.linkedin.com\/company\/ucnc","https:\/\/www.exijobiometria.com.co\/","https:\/\/www.youtube.com\/channel\/UC8JdCyZfLJgPiGOM1qvJFQA"]}]}},"_links":{"self":[{"href":"https:\/\/www.ucnc.com.co\/sitio\/wp-json\/wp\/v2\/pages\/1712"}],"collection":[{"href":"https:\/\/www.ucnc.com.co\/sitio\/wp-json\/wp\/v2\/pages"}],"about":[{"href":"https:\/\/www.ucnc.com.co\/sitio\/wp-json\/wp\/v2\/types\/page"}],"author":[{"embeddable":true,"href":"https:\/\/www.ucnc.com.co\/sitio\/wp-json\/wp\/v2\/users\/3"}],"replies":[{"embeddable":true,"href":"https:\/\/www.ucnc.com.co\/sitio\/wp-json\/wp\/v2\/comments?post=1712"}],"version-history":[{"count":19,"href":"https:\/\/www.ucnc.com.co\/sitio\/wp-json\/wp\/v2\/pages\/1712\/revisions"}],"predecessor-version":[{"id":15946,"href":"https:\/\/www.ucnc.com.co\/sitio\/wp-json\/wp\/v2\/pages\/1712\/revisions\/15946"}],"wp:attachment":[{"href":"https:\/\/www.ucnc.com.co\/sitio\/wp-json\/wp\/v2\/media?parent=1712"}],"curies":[{"name":"wp","href":"https:\/\/api.w.org\/{rel}","templated":true}]}}