{"id":446,"date":"2020-03-31T12:08:39","date_gmt":"2020-03-31T17:08:39","guid":{"rendered":"https:\/\/107.190.140.202\/~ucnccom\/wordpress\/?page_id=446"},"modified":"2026-01-26T08:48:03","modified_gmt":"2026-01-26T13:48:03","slug":"papel-de-seguridad","status":"publish","type":"page","link":"https:\/\/www.ucnc.com.co\/sitio\/papel-de-seguridad\/","title":{"rendered":"Papel de Seguridad"},"content":{"rendered":"\t\t<div data-elementor-type=\"wp-page\" data-elementor-id=\"446\" class=\"elementor elementor-446\" data-elementor-post-type=\"page\">\n\t\t\t\t\t\t\t\t\t<section class=\"elementor-section elementor-top-section elementor-element elementor-element-50498a50 elementor-section-boxed elementor-section-height-default elementor-section-height-default\" data-id=\"50498a50\" data-element_type=\"section\">\n\t\t\t\t\t\t<div class=\"elementor-container elementor-column-gap-default\">\n\t\t\t\t\t<div class=\"elementor-column elementor-col-100 elementor-top-column elementor-element elementor-element-50f06d9e\" data-id=\"50f06d9e\" data-element_type=\"column\">\n\t\t\t<div class=\"elementor-widget-wrap elementor-element-populated\">\n\t\t\t\t\t\t\t\t<div class=\"elementor-element elementor-element-2f0d943b elementor-widget elementor-widget-text-editor\" data-id=\"2f0d943b\" data-element_type=\"widget\" data-widget_type=\"text-editor.default\">\n\t\t\t\t<div class=\"elementor-widget-container\">\n\t\t\t<style>\/*! elementor - v3.15.0 - 20-08-2023 *\/\n.elementor-widget-text-editor.elementor-drop-cap-view-stacked .elementor-drop-cap{background-color:#69727d;color:#fff}.elementor-widget-text-editor.elementor-drop-cap-view-framed .elementor-drop-cap{color:#69727d;border:3px solid;background-color:transparent}.elementor-widget-text-editor:not(.elementor-drop-cap-view-default) .elementor-drop-cap{margin-top:8px}.elementor-widget-text-editor:not(.elementor-drop-cap-view-default) .elementor-drop-cap-letter{width:1em;height:1em}.elementor-widget-text-editor .elementor-drop-cap{float:left;text-align:center;line-height:1;font-size:50px}.elementor-widget-text-editor .elementor-drop-cap-letter{display:inline-block}<\/style>\t\t\t\t<p style=\"text-align: justify;\">Con el fin de minimizar el riesgo que tienen los notarios en cuanto a la contingencia de adulteraci\u00f3n o falsificaci\u00f3n total o parcial de una escritura p\u00fablica, la <strong>Uni\u00f3n Colegiada del Notariado Colombiano<\/strong> &#8211; <strong>\u201cUCNC\u201d<\/strong> conjuntamente con la Superintendencia de Notariado y Registro, puso en marcha la utilizaci\u00f3n de un papel de seguridad especial y confiable en cuanto a su trazabilidad e inalterabilidad, que ha venido utiliz\u00e1ndose con seguridad para el notario y su misi\u00f3n fedataria.<\/p>\n<p class=\"rtejustify\" style=\"text-align: justify;\">Existen dos tipos de papel de seguridad:<\/p>\n<ul>\n<li style=\"text-align: justify;\">Papel de Seguridad para la elaboraci\u00f3n de Escritura P\u00fablica. (Tipo A)<\/li>\n<li style=\"text-align: justify;\">Papel de Seguridad para la expedici\u00f3n de Copias de Escrituras P\u00fablicas, Certificados y dem\u00e1s documentos que forman parte del archivo Notarial. (Tipo C).<\/li>\n<\/ul>\n<p>El valor por resma es el siguiente:<\/p>\n<table style=\"border-collapse: collapse; width: 103.595%; height: 110px;\">\n<tbody>\n<tr style=\"height: 33px;\">\n<td style=\"width: 265.219px; height: 33px;\">\n<h5><strong>Valor Resma de 500 hojas<\/strong><\/h5>\n<h5><strong style=\"font-size: 1rem;\">(Notar\u00eda Afiliada)<\/strong><\/h5>\n<\/td>\n<td style=\"width: 265.219px; height: 33px;\">\n<h5><strong>$145.000 IVA INCLUIDO<\/strong><\/h5>\n<\/td>\n<\/tr>\n<\/tbody>\n<\/table>\n<p><!-- wp:tadv\/classic-paragraph --><\/p>\n<table style=\"border-collapse: collapse; width: 103.595%; height: 110px;\">\n<tbody>\n<tr style=\"height: 33px;\">\n<td style=\"width: 265.219px; height: 33px;\">\n<h5><strong>Valor Resma de 500 hojas\u00a0<\/strong><\/h5>\n<div><strong>(Notar\u00eda No Afiliada)<\/strong><\/div>\n<\/td>\n<td style=\"width: 265.219px; height: 33px;\">\n<h5><strong>$155.000 IVA INCLUIDO<\/strong><\/h5>\n<\/td>\n<\/tr>\n<\/tbody>\n<\/table>\n<p data-start=\"114\" data-end=\"338\">Como resultado del trabajo desarrollado por el Laboratorio de Innovaci\u00f3n Tecnol\u00f3gica de la UCNC \u2013 NotariLab, el proceso de solicitud y pago del Papel de Seguridad Notarial se realizar\u00e1 a trav\u00e9s de la plataforma eN-Traza 2.0.<\/p>\n<p data-start=\"340\" data-end=\"591\">Con eN-Traza 2.0, los Notarios podr\u00e1n gestionar de manera detallada el proceso de adquisici\u00f3n del Papel de Seguridad Notarial. Adem\u00e1s, el pago podr\u00e1 efectuarse en l\u00ednea al momento de realizar la solicitud, junto con otras nuevas funcionalidades.<\/p>\n<p data-start=\"593\" data-end=\"722\">Recuerde que la solicitud del Papel de Seguridad Notarial debe realizarse a trav\u00e9s de:<\/p>\n<p data-start=\"593\" data-end=\"722\"><br data-start=\"679\" data-end=\"682\" \/><a class=\"decorated-link\" href=\"https:\/\/ecosistema.ucnc.com.co\/home\" target=\"_new\" rel=\"noopener\" data-start=\"685\" data-end=\"720\">https:\/\/ecosistema.ucnc.com.co\/home<\/a><\/p>\n<p><!-- \/wp:tadv\/classic-paragraph --><!-- wp:image {\"id\":11794,\"width\":\"266px\",\"height\":\"88px\",\"sizeSlug\":\"large\",\"linkDestination\":\"custom\"} --><\/p>\n<figure class=\"wp-block-image size-large is-resized\"><img decoding=\"async\" class=\"alignnone wp-image-18552 \" style=\"width: 290px; height: 96px;\" src=\"https:\/\/www.ucnc.com.co\/sitio\/wp-content\/uploads\/2026\/01\/enTraza-2.0-300x87.png\" alt=\"\" width=\"300\" height=\"87\" srcset=\"https:\/\/www.ucnc.com.co\/sitio\/wp-content\/uploads\/2026\/01\/enTraza-2.0-300x87.png 300w, https:\/\/www.ucnc.com.co\/sitio\/wp-content\/uploads\/2026\/01\/enTraza-2.0-768x223.png 768w, https:\/\/www.ucnc.com.co\/sitio\/wp-content\/uploads\/2026\/01\/enTraza-2.0.png 843w\" sizes=\"(max-width: 300px) 100vw, 300px\" \/><\/figure>\n<p><!-- \/wp:image --><!-- wp:tadv\/classic-paragraph --><\/p>\n<h5>Para el pago de Papel de Seguridad de manera tradicional puede realizar consignaci\u00f3n en alguna de las siguientes cuentas corrientes:<\/h5>\n<ul style=\"list-style-type: disc;\">\n<li>\n<h4>Bancolombia No. 01345809316 convenio 37385.<\/h4>\n<\/li>\n<li>\n<h4>Banco Agrario No. 303600001299 convenio 13379.<\/h4>\n<\/li>\n<\/ul>\n<p><!-- \/wp:tadv\/classic-paragraph --><!-- wp:tadv\/classic-paragraph --><\/p>\n<h3 style=\"text-align: justify;\">A nombre de la Uni\u00f3n Colegiada del Notariado Colombiano. \u201cUCNC\u201d. NIT 860031959-0<\/h3>\n<p><!-- \/wp:tadv\/classic-paragraph --><!-- wp:paragraph --><\/p>\n<p>Para verificar la trazabilidad del papel de seguridad de (Thomas Greg) <a href=\"http:\/\/200.91.192.53:83\/papelnotarial\/public\/consultaPublica\">clic aqu\u00ed<\/a><\/p>\n<p><!-- \/wp:paragraph --><!-- wp:paragraph --><\/p>\n<p>Para verificar la trazabilidad del papel de seguridad de (Cadena S.A) \u00a0<a href=\"http:\/\/auno.co\/\" target=\"_blank\" rel=\"noreferrer noopener\">clic aqu<\/a>\u00ed<\/p>\n<p><!-- \/wp:paragraph --><!-- wp:paragraph --><\/p>\n<p>Para verificar la trazabilidad del papel de seguridad de (Segurdoc &#8211; Legis ) \u00a0<a href=\"https:\/\/segurdoclegis.com\/\" target=\"_blank\" rel=\"noreferrer noopener\">clic aqu<\/a>\u00ed<\/p>\n<p><!-- \/wp:paragraph --><!-- wp:file {\"id\":13916,\"href\":\"https:\/\/www.ucnc.com.co\/sitio\/wp-content\/uploads\/2023\/05\/FORMULARIO_PEDIDO_PAPEL_NOTARIAL_DILIGENCIABLE_MAYO_2023.pdf\",\"align\":\"center\"} --><\/p>\n<p><!-- \/wp:file --><!-- wp:tadv\/classic-paragraph --><\/p>\n<h3><span style=\"color: #04509d;\"><img decoding=\"async\" class=\"alignnone size-medium wp-image-13859\" src=\"https:\/\/www.ucnc.com.co\/sitio\/wp-content\/uploads\/2023\/04\/pse-300x109.png\" alt=\"\" width=\"300\" height=\"109\" srcset=\"https:\/\/www.ucnc.com.co\/sitio\/wp-content\/uploads\/2023\/04\/pse-300x109.png 300w, https:\/\/www.ucnc.com.co\/sitio\/wp-content\/uploads\/2023\/04\/pse.png 551w\" sizes=\"(max-width: 300px) 100vw, 300px\" \/><\/span><\/h3>\n<h3><span style=\"color: #04509d;\">Si desea realizar el pago por <strong>PSE<\/strong>, solicite su link al WhatsApp: 3162844451<\/span><\/h3>\n<div><span style=\"color: #04509d;\">\u00a0<\/span><\/div>\n<div><a href=\"https:\/\/www.ucnc.com.co\/sitio\/wp-content\/uploads\/2023\/12\/MATRIZ-ENTREGAS-CADENA-2023.pdf\">Conozca aqu\u00ed los tiempos de entrega del Papel de Seguridad Notarial.<\/a><\/div>\n<div>\u00a0<\/div>\n<div>\u00a0<\/div>\n<p><!-- \/wp:tadv\/classic-paragraph --><!-- wp:paragraph --><\/p>\n<p><!-- \/wp:paragraph --><\/p>\t\t\t\t\t\t<\/div>\n\t\t\t\t<\/div>\n\t\t\t\t\t<\/div>\n\t\t<\/div>\n\t\t\t\t\t\t\t<\/div>\n\t\t<\/section>\n\t\t\t\t\t\t\t<\/div>\n\t\t","protected":false},"excerpt":{"rendered":"<p>Con el fin de minimizar el riesgo que tienen los notarios en cuanto a la contingencia de adulteraci\u00f3n o falsificaci\u00f3n total o parcial de una escritura p\u00fablica, la Uni\u00f3n Colegiada del Notariado Colombiano &#8211; \u201cUCNC\u201d conjuntamente con la Superintendencia de Notariado y Registro, puso en marcha la utilizaci\u00f3n de un papel de seguridad especial y &hellip;<\/p>\n<p class=\"read-more\"> <a class=\"\" href=\"https:\/\/www.ucnc.com.co\/sitio\/papel-de-seguridad\/\"> <span class=\"screen-reader-text\">Papel de Seguridad<\/span> Leer m\u00e1s &raquo;<\/a><\/p>\n","protected":false},"author":1,"featured_media":0,"parent":0,"menu_order":0,"comment_status":"closed","ping_status":"closed","template":"","meta":{"site-sidebar-layout":"default","site-content-layout":"","ast-site-content-layout":"default","site-content-style":"default","site-sidebar-style":"default","ast-global-header-display":"","ast-banner-title-visibility":"","ast-main-header-display":"","ast-hfb-above-header-display":"","ast-hfb-below-header-display":"","ast-hfb-mobile-header-display":"","site-post-title":"","ast-breadcrumbs-content":"","ast-featured-img":"","footer-sml-layout":"","theme-transparent-header-meta":"","adv-header-id-meta":"","stick-header-meta":"","header-above-stick-meta":"","header-main-stick-meta":"","header-below-stick-meta":"","astra-migrate-meta-layouts":"set","footnotes":""},"yoast_head":"<!-- This site is optimized with the Yoast SEO plugin v22.6 - https:\/\/yoast.com\/wordpress\/plugins\/seo\/ -->\n<title>Papel de Seguridad - UCNC - Uni\u00f3n Colegiada del Notariado Colombiano<\/title>\n<meta name=\"description\" content=\"La Uni\u00f3n Colegioada del Notariado Colombiano UCNC - Con el fin de minimizar el riesgo que tienen los notarios en cuanto a la contingencia de adulteraci\u00f3n o falsificaci\u00f3n total o parcial de una escritura p\u00fablica\" \/>\n<meta name=\"robots\" content=\"index, follow, max-snippet:-1, max-image-preview:large, max-video-preview:-1\" \/>\n<link rel=\"canonical\" href=\"https:\/\/www.ucnc.com.co\/sitio\/papel-de-seguridad\/\" \/>\n<meta property=\"og:locale\" content=\"es_ES\" \/>\n<meta property=\"og:type\" content=\"article\" \/>\n<meta property=\"og:title\" content=\"Papel de Seguridad - UCNC - Uni\u00f3n Colegiada del Notariado Colombiano\" \/>\n<meta property=\"og:description\" content=\"La Uni\u00f3n Colegioada del Notariado Colombiano UCNC - Con el fin de minimizar el riesgo que tienen los notarios en cuanto a la contingencia de adulteraci\u00f3n o falsificaci\u00f3n total o parcial de una escritura p\u00fablica\" \/>\n<meta property=\"og:url\" content=\"https:\/\/www.ucnc.com.co\/sitio\/papel-de-seguridad\/\" \/>\n<meta property=\"og:site_name\" content=\"UCNC - Uni\u00f3n Colegiada del Notariado Colombiano\" \/>\n<meta property=\"article:publisher\" content=\"https:\/\/www.facebook.com\/NotariadoColombiano\/\" \/>\n<meta property=\"article:modified_time\" content=\"2026-01-26T13:48:03+00:00\" \/>\n<meta property=\"og:image\" content=\"https:\/\/www.ucnc.com.co\/sitio\/wp-content\/uploads\/2026\/01\/enTraza-2.0-300x87.png\" \/>\n<meta name=\"twitter:card\" content=\"summary_large_image\" \/>\n<meta name=\"twitter:site\" content=\"@notariadoucnc\" \/>\n<meta name=\"twitter:label1\" content=\"Tiempo de lectura\" \/>\n\t<meta name=\"twitter:data1\" content=\"3 minutos\" \/>\n<script type=\"application\/ld+json\" class=\"yoast-schema-graph\">{\"@context\":\"https:\/\/schema.org\",\"@graph\":[{\"@type\":\"WebPage\",\"@id\":\"https:\/\/www.ucnc.com.co\/sitio\/papel-de-seguridad\/\",\"url\":\"https:\/\/www.ucnc.com.co\/sitio\/papel-de-seguridad\/\",\"name\":\"Papel de Seguridad - UCNC - Uni\u00f3n Colegiada del Notariado Colombiano\",\"isPartOf\":{\"@id\":\"https:\/\/www.ucnc.com.co\/sitio\/#website\"},\"primaryImageOfPage\":{\"@id\":\"https:\/\/www.ucnc.com.co\/sitio\/papel-de-seguridad\/#primaryimage\"},\"image\":{\"@id\":\"https:\/\/www.ucnc.com.co\/sitio\/papel-de-seguridad\/#primaryimage\"},\"thumbnailUrl\":\"https:\/\/www.ucnc.com.co\/sitio\/wp-content\/uploads\/2026\/01\/enTraza-2.0-300x87.png\",\"datePublished\":\"2020-03-31T17:08:39+00:00\",\"dateModified\":\"2026-01-26T13:48:03+00:00\",\"description\":\"La Uni\u00f3n Colegioada del Notariado Colombiano UCNC - Con el fin de minimizar el riesgo que tienen los notarios en cuanto a la contingencia de adulteraci\u00f3n o falsificaci\u00f3n total o parcial de una escritura p\u00fablica\",\"breadcrumb\":{\"@id\":\"https:\/\/www.ucnc.com.co\/sitio\/papel-de-seguridad\/#breadcrumb\"},\"inLanguage\":\"es-CO\",\"potentialAction\":[{\"@type\":\"ReadAction\",\"target\":[\"https:\/\/www.ucnc.com.co\/sitio\/papel-de-seguridad\/\"]}]},{\"@type\":\"ImageObject\",\"inLanguage\":\"es-CO\",\"@id\":\"https:\/\/www.ucnc.com.co\/sitio\/papel-de-seguridad\/#primaryimage\",\"url\":\"https:\/\/www.ucnc.com.co\/sitio\/wp-content\/uploads\/2026\/01\/enTraza-2.0.png\",\"contentUrl\":\"https:\/\/www.ucnc.com.co\/sitio\/wp-content\/uploads\/2026\/01\/enTraza-2.0.png\",\"width\":843,\"height\":245},{\"@type\":\"BreadcrumbList\",\"@id\":\"https:\/\/www.ucnc.com.co\/sitio\/papel-de-seguridad\/#breadcrumb\",\"itemListElement\":[{\"@type\":\"ListItem\",\"position\":1,\"name\":\"Home\",\"item\":\"https:\/\/www.ucnc.com.co\/sitio\/\"},{\"@type\":\"ListItem\",\"position\":2,\"name\":\"Papel de Seguridad\"}]},{\"@type\":\"WebSite\",\"@id\":\"https:\/\/www.ucnc.com.co\/sitio\/#website\",\"url\":\"https:\/\/www.ucnc.com.co\/sitio\/\",\"name\":\"UCNC - Uni\u00f3n Colegiada del Notariado Colombiano\",\"description\":\"Entidad privada sin \u00e1nimo de lucro que re\u00fane y representa a los notarios de Colombia.\",\"publisher\":{\"@id\":\"https:\/\/www.ucnc.com.co\/sitio\/#organization\"},\"alternateName\":\"UCNC\",\"potentialAction\":[{\"@type\":\"SearchAction\",\"target\":{\"@type\":\"EntryPoint\",\"urlTemplate\":\"https:\/\/www.ucnc.com.co\/sitio\/?s={search_term_string}\"},\"query-input\":\"required name=search_term_string\"}],\"inLanguage\":\"es-CO\"},{\"@type\":\"Organization\",\"@id\":\"https:\/\/www.ucnc.com.co\/sitio\/#organization\",\"name\":\"Uni\u00f3n Colegiada del Notariado Colombiano\",\"alternateName\":\"UCNC\",\"url\":\"https:\/\/www.ucnc.com.co\/sitio\/\",\"logo\":{\"@type\":\"ImageObject\",\"inLanguage\":\"es-CO\",\"@id\":\"https:\/\/www.ucnc.com.co\/sitio\/#\/schema\/logo\/image\/\",\"url\":\"https:\/\/www.ucnc.com.co\/sitio\/wp-content\/uploads\/2020\/03\/logo.png\",\"contentUrl\":\"https:\/\/www.ucnc.com.co\/sitio\/wp-content\/uploads\/2020\/03\/logo.png\",\"width\":1614,\"height\":1753,\"caption\":\"Uni\u00f3n Colegiada del Notariado Colombiano\"},\"image\":{\"@id\":\"https:\/\/www.ucnc.com.co\/sitio\/#\/schema\/logo\/image\/\"},\"sameAs\":[\"https:\/\/www.facebook.com\/NotariadoColombiano\/\",\"https:\/\/x.com\/notariadoucnc\",\"https:\/\/www.instagram.com\/notariado_ucnc\/\",\"https:\/\/www.linkedin.com\/company\/ucnc\",\"https:\/\/www.exijobiometria.com.co\/\",\"https:\/\/www.youtube.com\/channel\/UC8JdCyZfLJgPiGOM1qvJFQA\"]}]}<\/script>\n<!-- \/ Yoast SEO plugin. -->","yoast_head_json":{"title":"Papel de Seguridad - UCNC - Uni\u00f3n Colegiada del Notariado Colombiano","description":"La Uni\u00f3n Colegioada del Notariado Colombiano UCNC - Con el fin de minimizar el riesgo que tienen los notarios en cuanto a la contingencia de adulteraci\u00f3n o falsificaci\u00f3n total o parcial de una escritura p\u00fablica","robots":{"index":"index","follow":"follow","max-snippet":"max-snippet:-1","max-image-preview":"max-image-preview:large","max-video-preview":"max-video-preview:-1"},"canonical":"https:\/\/www.ucnc.com.co\/sitio\/papel-de-seguridad\/","og_locale":"es_ES","og_type":"article","og_title":"Papel de Seguridad - UCNC - Uni\u00f3n Colegiada del Notariado Colombiano","og_description":"La Uni\u00f3n Colegioada del Notariado Colombiano UCNC - Con el fin de minimizar el riesgo que tienen los notarios en cuanto a la contingencia de adulteraci\u00f3n o falsificaci\u00f3n total o parcial de una escritura p\u00fablica","og_url":"https:\/\/www.ucnc.com.co\/sitio\/papel-de-seguridad\/","og_site_name":"UCNC - Uni\u00f3n Colegiada del Notariado Colombiano","article_publisher":"https:\/\/www.facebook.com\/NotariadoColombiano\/","article_modified_time":"2026-01-26T13:48:03+00:00","og_image":[{"url":"https:\/\/www.ucnc.com.co\/sitio\/wp-content\/uploads\/2026\/01\/enTraza-2.0-300x87.png"}],"twitter_card":"summary_large_image","twitter_site":"@notariadoucnc","twitter_misc":{"Tiempo de lectura":"3 minutos"},"schema":{"@context":"https:\/\/schema.org","@graph":[{"@type":"WebPage","@id":"https:\/\/www.ucnc.com.co\/sitio\/papel-de-seguridad\/","url":"https:\/\/www.ucnc.com.co\/sitio\/papel-de-seguridad\/","name":"Papel de Seguridad - UCNC - Uni\u00f3n Colegiada del Notariado Colombiano","isPartOf":{"@id":"https:\/\/www.ucnc.com.co\/sitio\/#website"},"primaryImageOfPage":{"@id":"https:\/\/www.ucnc.com.co\/sitio\/papel-de-seguridad\/#primaryimage"},"image":{"@id":"https:\/\/www.ucnc.com.co\/sitio\/papel-de-seguridad\/#primaryimage"},"thumbnailUrl":"https:\/\/www.ucnc.com.co\/sitio\/wp-content\/uploads\/2026\/01\/enTraza-2.0-300x87.png","datePublished":"2020-03-31T17:08:39+00:00","dateModified":"2026-01-26T13:48:03+00:00","description":"La Uni\u00f3n Colegioada del Notariado Colombiano UCNC - Con el fin de minimizar el riesgo que tienen los notarios en cuanto a la contingencia de adulteraci\u00f3n o falsificaci\u00f3n total o parcial de una escritura p\u00fablica","breadcrumb":{"@id":"https:\/\/www.ucnc.com.co\/sitio\/papel-de-seguridad\/#breadcrumb"},"inLanguage":"es-CO","potentialAction":[{"@type":"ReadAction","target":["https:\/\/www.ucnc.com.co\/sitio\/papel-de-seguridad\/"]}]},{"@type":"ImageObject","inLanguage":"es-CO","@id":"https:\/\/www.ucnc.com.co\/sitio\/papel-de-seguridad\/#primaryimage","url":"https:\/\/www.ucnc.com.co\/sitio\/wp-content\/uploads\/2026\/01\/enTraza-2.0.png","contentUrl":"https:\/\/www.ucnc.com.co\/sitio\/wp-content\/uploads\/2026\/01\/enTraza-2.0.png","width":843,"height":245},{"@type":"BreadcrumbList","@id":"https:\/\/www.ucnc.com.co\/sitio\/papel-de-seguridad\/#breadcrumb","itemListElement":[{"@type":"ListItem","position":1,"name":"Home","item":"https:\/\/www.ucnc.com.co\/sitio\/"},{"@type":"ListItem","position":2,"name":"Papel de Seguridad"}]},{"@type":"WebSite","@id":"https:\/\/www.ucnc.com.co\/sitio\/#website","url":"https:\/\/www.ucnc.com.co\/sitio\/","name":"UCNC - Uni\u00f3n Colegiada del Notariado Colombiano","description":"Entidad privada sin \u00e1nimo de lucro que re\u00fane y representa a los notarios de Colombia.","publisher":{"@id":"https:\/\/www.ucnc.com.co\/sitio\/#organization"},"alternateName":"UCNC","potentialAction":[{"@type":"SearchAction","target":{"@type":"EntryPoint","urlTemplate":"https:\/\/www.ucnc.com.co\/sitio\/?s={search_term_string}"},"query-input":"required name=search_term_string"}],"inLanguage":"es-CO"},{"@type":"Organization","@id":"https:\/\/www.ucnc.com.co\/sitio\/#organization","name":"Uni\u00f3n Colegiada del Notariado Colombiano","alternateName":"UCNC","url":"https:\/\/www.ucnc.com.co\/sitio\/","logo":{"@type":"ImageObject","inLanguage":"es-CO","@id":"https:\/\/www.ucnc.com.co\/sitio\/#\/schema\/logo\/image\/","url":"https:\/\/www.ucnc.com.co\/sitio\/wp-content\/uploads\/2020\/03\/logo.png","contentUrl":"https:\/\/www.ucnc.com.co\/sitio\/wp-content\/uploads\/2020\/03\/logo.png","width":1614,"height":1753,"caption":"Uni\u00f3n Colegiada del Notariado Colombiano"},"image":{"@id":"https:\/\/www.ucnc.com.co\/sitio\/#\/schema\/logo\/image\/"},"sameAs":["https:\/\/www.facebook.com\/NotariadoColombiano\/","https:\/\/x.com\/notariadoucnc","https:\/\/www.instagram.com\/notariado_ucnc\/","https:\/\/www.linkedin.com\/company\/ucnc","https:\/\/www.exijobiometria.com.co\/","https:\/\/www.youtube.com\/channel\/UC8JdCyZfLJgPiGOM1qvJFQA"]}]}},"_links":{"self":[{"href":"https:\/\/www.ucnc.com.co\/sitio\/wp-json\/wp\/v2\/pages\/446"}],"collection":[{"href":"https:\/\/www.ucnc.com.co\/sitio\/wp-json\/wp\/v2\/pages"}],"about":[{"href":"https:\/\/www.ucnc.com.co\/sitio\/wp-json\/wp\/v2\/types\/page"}],"author":[{"embeddable":true,"href":"https:\/\/www.ucnc.com.co\/sitio\/wp-json\/wp\/v2\/users\/1"}],"replies":[{"embeddable":true,"href":"https:\/\/www.ucnc.com.co\/sitio\/wp-json\/wp\/v2\/comments?post=446"}],"version-history":[{"count":121,"href":"https:\/\/www.ucnc.com.co\/sitio\/wp-json\/wp\/v2\/pages\/446\/revisions"}],"predecessor-version":[{"id":18558,"href":"https:\/\/www.ucnc.com.co\/sitio\/wp-json\/wp\/v2\/pages\/446\/revisions\/18558"}],"wp:attachment":[{"href":"https:\/\/www.ucnc.com.co\/sitio\/wp-json\/wp\/v2\/media?parent=446"}],"curies":[{"name":"wp","href":"https:\/\/api.w.org\/{rel}","templated":true}]}}