{"id":470,"date":"2020-03-31T12:49:09","date_gmt":"2020-03-31T17:49:09","guid":{"rendered":"https:\/\/107.190.140.202\/~ucnccom\/wordpress\/?page_id=470"},"modified":"2026-01-13T14:43:44","modified_gmt":"2026-01-13T19:43:44","slug":"firma-electronica-y-digital","status":"publish","type":"page","link":"https:\/\/www.ucnc.com.co\/sitio\/firma-electronica-y-digital\/","title":{"rendered":"Firma Digital"},"content":{"rendered":"\t\t<div data-elementor-type=\"wp-page\" data-elementor-id=\"470\" class=\"elementor elementor-470\" data-elementor-post-type=\"page\">\n\t\t\t\t\t\t\t\t\t<section class=\"elementor-section elementor-top-section elementor-element elementor-element-349cfe56 elementor-section-boxed elementor-section-height-default elementor-section-height-default\" data-id=\"349cfe56\" data-element_type=\"section\">\n\t\t\t\t\t\t<div class=\"elementor-container elementor-column-gap-default\">\n\t\t\t\t\t<div class=\"elementor-column elementor-col-100 elementor-top-column elementor-element elementor-element-1c3f44d1\" data-id=\"1c3f44d1\" data-element_type=\"column\">\n\t\t\t<div class=\"elementor-widget-wrap elementor-element-populated\">\n\t\t\t\t\t\t\t\t<div class=\"elementor-element elementor-element-38e0661b elementor-widget elementor-widget-text-editor\" data-id=\"38e0661b\" data-element_type=\"widget\" data-widget_type=\"text-editor.default\">\n\t\t\t\t<div class=\"elementor-widget-container\">\n\t\t\t<style>\/*! elementor - v3.15.0 - 20-08-2023 *\/\n.elementor-widget-text-editor.elementor-drop-cap-view-stacked .elementor-drop-cap{background-color:#69727d;color:#fff}.elementor-widget-text-editor.elementor-drop-cap-view-framed .elementor-drop-cap{color:#69727d;border:3px solid;background-color:transparent}.elementor-widget-text-editor:not(.elementor-drop-cap-view-default) .elementor-drop-cap{margin-top:8px}.elementor-widget-text-editor:not(.elementor-drop-cap-view-default) .elementor-drop-cap-letter{width:1em;height:1em}.elementor-widget-text-editor .elementor-drop-cap{float:left;text-align:center;line-height:1;font-size:50px}.elementor-widget-text-editor .elementor-drop-cap-letter{display:inline-block}<\/style>\t\t\t\t<p><!-- wp:tadv\/classic-paragraph --><\/p>\n<p style=\"text-align: justify;\">Con base en los diferentes convenios de articulaci\u00f3n con los que cuenta la UCNC para sus afiliados, a trav\u00e9s del Laboratorio \u201cNotariLab\u201d,\u00a0 respecto a la Firma Digital que requieren las Notar\u00edas, tanto para los Notarios titulares como para sus encargados, en la expedici\u00f3n o renovaci\u00f3n de certificados de firma digital, la UCNC cuenta con un acuerdo comercial con tres Entidades de Certificaci\u00f3n Digital ECD:<\/p>\n<p style=\"text-align: justify;\">\u2022 OLIMPIA IT S.A.S.<br \/>\u2022 CERTIC\u00c1MARA S.A.<br \/>\u2022 ANDES S.A.<\/p>\n<p style=\"text-align: justify;\">Estas firmas ofrecen un precio preferencial de acuerdo con los beneficios que cada una aut\u00f3nomamente entrega a las Notar\u00edas que adquieren sus certificados de firma digital. Por lo anterior, para solicitar su certificado digital con la ECD de su preferencia, comun\u00edquese con los siguientes canales de atenci\u00f3n:<\/p>\n<table style=\"width: 100%; height: 306px;\" width=\"622\">\n<tbody>\n<tr style=\"height: 34px;\">\n<td style=\"width: 36.3501%; height: 34px;\" width=\"391\"><strong>Entidad de Certificaci\u00f3n Digital<\/strong><\/td>\n<td style=\"width: 63.5015%; height: 34px;\" width=\"231\"><strong>Canales de Comunicaci\u00f3n<\/strong><\/td>\n<\/tr>\n<tr style=\"height: 34px;\">\n<td style=\"width: 36.3501%; height: 68px;\" rowspan=\"2\">OLIMPIA IT S.A.S.<\/td>\n<td style=\"width: 63.5015%; height: 34px;\">https:\/\/micertificado.olimpiait.com<\/td>\n<\/tr>\n<tr style=\"height: 34px;\">\n<td style=\"width: 63.5015%; height: 34px;\"><strong>L\u00ednea de atenci\u00f3n:<\/strong> (601) 744 1000<\/td>\n<\/tr>\n<tr style=\"height: 34px;\">\n<td style=\"width: 36.3501%; height: 68px;\" rowspan=\"2\">\n<p>CERTIC\u00c1MARA S.A.<\/p>\n<\/td>\n<td style=\"width: 63.5015%; height: 34px;\"><strong>WhatsApp:<\/strong> <a href=\"https:\/\/wa.me\/573168 731648\">316 830 3419<\/a><\/td>\n<\/tr>\n<tr style=\"height: 34px;\">\n<td style=\"width: 63.5015%; height: 34px;\">\n<p><strong>e-mail:<\/strong> asesor.empresarial5@certicamara.com<\/p>\n<p><strong>L\u00ednea de atenci\u00f3n:<\/strong> (601) 744 2727 &#8211; Opci\u00f3n 1<\/p>\n<\/td>\n<\/tr>\n<tr style=\"height: 34px;\">\n<td style=\"width: 36.3501%; height: 136px;\" rowspan=\"4\">\n<p><strong>ANDES S.A.<\/strong><\/p>\n<\/td>\n<td style=\"width: 63.5015%; height: 34px;\">\n<p><strong>e-mail: <a href=\"mailto:ventas@andesscd.com.co\">ventas@andesscd.com.co<\/a><\/strong><\/p>\n<\/td>\n<\/tr>\n<tr style=\"height: 34px;\">\n<td style=\"width: 63.5015%; height: 34px;\">\n<p><strong>e-mail: <a href=\"mailto:israel.martinez@andesscd.com.co\">israel.martinez@andesscd.com.co<\/a><\/strong><\/p>\n<\/td>\n<\/tr>\n<tr style=\"height: 34px;\">\n<td style=\"width: 63.5015%; height: 34px;\">\n<p><strong>L\u00ednea de atenci\u00f3n: (601) 241 5539 &#8211; Opci\u00f3n 3<\/strong><\/p>\n<\/td>\n<\/tr>\n<tr style=\"height: 34px;\">\n<td style=\"width: 63.5015%; height: 34px;\"><strong><a href=\"https:\/\/herramientas.andesscd.com.co\/ucnc\/index.php#\" target=\"_blank\" rel=\"noopener\">Solic\u00edtalo aqu\u00ed<\/a><\/strong><\/td>\n<\/tr>\n<\/tbody>\n<\/table>\n<p style=\"text-align: justify;\">Cabe mencionar que la UCNC no tiene injerencia sobre los productos, servicios o soporte t\u00e9cnico que cada ECD deber\u00e1 prestar directamente a las Notar\u00edas.<\/p>\n<p style=\"text-align: justify;\">\u00a0<\/p>\n<p><!-- \/wp:tadv\/classic-paragraph --><!-- wp:tadv\/classic-paragraph --><\/p>\n<p><a href=\"https:\/\/www.ucnc.com.co\/sitio\/memorando-n3263\/\"><strong>Memorando N\u00b0 3263<\/strong><\/a><\/p>\n<p><!-- \/wp:tadv\/classic-paragraph --><\/p>\t\t\t\t\t\t<\/div>\n\t\t\t\t<\/div>\n\t\t\t\t\t<\/div>\n\t\t<\/div>\n\t\t\t\t\t\t\t<\/div>\n\t\t<\/section>\n\t\t\t\t\t\t\t<\/div>\n\t\t","protected":false},"excerpt":{"rendered":"<p>Con base en los diferentes convenios de articulaci\u00f3n con los que cuenta la UCNC para sus afiliados, a trav\u00e9s del Laboratorio \u201cNotariLab\u201d,\u00a0 respecto a la Firma Digital que requieren las Notar\u00edas, tanto para los Notarios titulares como para sus encargados, en la expedici\u00f3n o renovaci\u00f3n de certificados de firma digital, la UCNC cuenta con un &hellip;<\/p>\n<p class=\"read-more\"> <a class=\"\" href=\"https:\/\/www.ucnc.com.co\/sitio\/firma-electronica-y-digital\/\"> <span class=\"screen-reader-text\">Firma Digital<\/span> Leer m\u00e1s &raquo;<\/a><\/p>\n","protected":false},"author":1,"featured_media":0,"parent":0,"menu_order":0,"comment_status":"closed","ping_status":"closed","template":"","meta":{"site-sidebar-layout":"default","site-content-layout":"","ast-site-content-layout":"default","site-content-style":"default","site-sidebar-style":"default","ast-global-header-display":"","ast-banner-title-visibility":"","ast-main-header-display":"","ast-hfb-above-header-display":"","ast-hfb-below-header-display":"","ast-hfb-mobile-header-display":"","site-post-title":"","ast-breadcrumbs-content":"","ast-featured-img":"","footer-sml-layout":"","theme-transparent-header-meta":"","adv-header-id-meta":"","stick-header-meta":"","header-above-stick-meta":"","header-main-stick-meta":"","header-below-stick-meta":"","astra-migrate-meta-layouts":"set","footnotes":""},"yoast_head":"<!-- This site is optimized with the Yoast SEO plugin v22.6 - https:\/\/yoast.com\/wordpress\/plugins\/seo\/ -->\n<title>Firma Digital - UCNC - Uni\u00f3n Colegiada del Notariado Colombiano<\/title>\n<meta name=\"description\" content=\"La firma digital o firma electr\u00f3nica es el mecanismo t\u00e9cnico que identifica a una\u00a0persona en un sistema de informaci\u00f3n y consiste en un procedimiento.\" \/>\n<meta name=\"robots\" content=\"index, follow, max-snippet:-1, max-image-preview:large, max-video-preview:-1\" \/>\n<link rel=\"canonical\" href=\"https:\/\/www.ucnc.com.co\/sitio\/firma-electronica-y-digital\/\" \/>\n<meta property=\"og:locale\" content=\"es_ES\" \/>\n<meta property=\"og:type\" content=\"article\" \/>\n<meta property=\"og:title\" content=\"Firma Digital - UCNC - Uni\u00f3n Colegiada del Notariado Colombiano\" \/>\n<meta property=\"og:description\" content=\"La firma digital o firma electr\u00f3nica es el mecanismo t\u00e9cnico que identifica a una\u00a0persona en un sistema de informaci\u00f3n y consiste en un procedimiento.\" \/>\n<meta property=\"og:url\" content=\"https:\/\/www.ucnc.com.co\/sitio\/firma-electronica-y-digital\/\" \/>\n<meta property=\"og:site_name\" content=\"UCNC - Uni\u00f3n Colegiada del Notariado Colombiano\" \/>\n<meta property=\"article:publisher\" content=\"https:\/\/www.facebook.com\/NotariadoColombiano\/\" \/>\n<meta property=\"article:modified_time\" content=\"2026-01-13T19:43:44+00:00\" \/>\n<meta name=\"twitter:card\" content=\"summary_large_image\" \/>\n<meta name=\"twitter:site\" content=\"@notariadoucnc\" \/>\n<meta name=\"twitter:label1\" content=\"Tiempo de lectura\" \/>\n\t<meta name=\"twitter:data1\" content=\"1 minuto\" \/>\n<script type=\"application\/ld+json\" class=\"yoast-schema-graph\">{\"@context\":\"https:\/\/schema.org\",\"@graph\":[{\"@type\":\"WebPage\",\"@id\":\"https:\/\/www.ucnc.com.co\/sitio\/firma-electronica-y-digital\/\",\"url\":\"https:\/\/www.ucnc.com.co\/sitio\/firma-electronica-y-digital\/\",\"name\":\"Firma Digital - UCNC - Uni\u00f3n Colegiada del Notariado Colombiano\",\"isPartOf\":{\"@id\":\"https:\/\/www.ucnc.com.co\/sitio\/#website\"},\"datePublished\":\"2020-03-31T17:49:09+00:00\",\"dateModified\":\"2026-01-13T19:43:44+00:00\",\"description\":\"La firma digital o firma electr\u00f3nica es el mecanismo t\u00e9cnico que identifica a una\u00a0persona en un sistema de informaci\u00f3n y consiste en un procedimiento.\",\"breadcrumb\":{\"@id\":\"https:\/\/www.ucnc.com.co\/sitio\/firma-electronica-y-digital\/#breadcrumb\"},\"inLanguage\":\"es-CO\",\"potentialAction\":[{\"@type\":\"ReadAction\",\"target\":[\"https:\/\/www.ucnc.com.co\/sitio\/firma-electronica-y-digital\/\"]}]},{\"@type\":\"BreadcrumbList\",\"@id\":\"https:\/\/www.ucnc.com.co\/sitio\/firma-electronica-y-digital\/#breadcrumb\",\"itemListElement\":[{\"@type\":\"ListItem\",\"position\":1,\"name\":\"Home\",\"item\":\"https:\/\/www.ucnc.com.co\/sitio\/\"},{\"@type\":\"ListItem\",\"position\":2,\"name\":\"Firma Digital\"}]},{\"@type\":\"WebSite\",\"@id\":\"https:\/\/www.ucnc.com.co\/sitio\/#website\",\"url\":\"https:\/\/www.ucnc.com.co\/sitio\/\",\"name\":\"UCNC - Uni\u00f3n Colegiada del Notariado Colombiano\",\"description\":\"Entidad privada sin \u00e1nimo de lucro que re\u00fane y representa a los notarios de Colombia.\",\"publisher\":{\"@id\":\"https:\/\/www.ucnc.com.co\/sitio\/#organization\"},\"alternateName\":\"UCNC\",\"potentialAction\":[{\"@type\":\"SearchAction\",\"target\":{\"@type\":\"EntryPoint\",\"urlTemplate\":\"https:\/\/www.ucnc.com.co\/sitio\/?s={search_term_string}\"},\"query-input\":\"required name=search_term_string\"}],\"inLanguage\":\"es-CO\"},{\"@type\":\"Organization\",\"@id\":\"https:\/\/www.ucnc.com.co\/sitio\/#organization\",\"name\":\"Uni\u00f3n Colegiada del Notariado Colombiano\",\"alternateName\":\"UCNC\",\"url\":\"https:\/\/www.ucnc.com.co\/sitio\/\",\"logo\":{\"@type\":\"ImageObject\",\"inLanguage\":\"es-CO\",\"@id\":\"https:\/\/www.ucnc.com.co\/sitio\/#\/schema\/logo\/image\/\",\"url\":\"https:\/\/www.ucnc.com.co\/sitio\/wp-content\/uploads\/2020\/03\/logo.png\",\"contentUrl\":\"https:\/\/www.ucnc.com.co\/sitio\/wp-content\/uploads\/2020\/03\/logo.png\",\"width\":1614,\"height\":1753,\"caption\":\"Uni\u00f3n Colegiada del Notariado Colombiano\"},\"image\":{\"@id\":\"https:\/\/www.ucnc.com.co\/sitio\/#\/schema\/logo\/image\/\"},\"sameAs\":[\"https:\/\/www.facebook.com\/NotariadoColombiano\/\",\"https:\/\/x.com\/notariadoucnc\",\"https:\/\/www.instagram.com\/notariado_ucnc\/\",\"https:\/\/www.linkedin.com\/company\/ucnc\",\"https:\/\/www.exijobiometria.com.co\/\",\"https:\/\/www.youtube.com\/channel\/UC8JdCyZfLJgPiGOM1qvJFQA\"]}]}<\/script>\n<!-- \/ Yoast SEO plugin. -->","yoast_head_json":{"title":"Firma Digital - UCNC - Uni\u00f3n Colegiada del Notariado Colombiano","description":"La firma digital o firma electr\u00f3nica es el mecanismo t\u00e9cnico que identifica a una\u00a0persona en un sistema de informaci\u00f3n y consiste en un procedimiento.","robots":{"index":"index","follow":"follow","max-snippet":"max-snippet:-1","max-image-preview":"max-image-preview:large","max-video-preview":"max-video-preview:-1"},"canonical":"https:\/\/www.ucnc.com.co\/sitio\/firma-electronica-y-digital\/","og_locale":"es_ES","og_type":"article","og_title":"Firma Digital - UCNC - Uni\u00f3n Colegiada del Notariado Colombiano","og_description":"La firma digital o firma electr\u00f3nica es el mecanismo t\u00e9cnico que identifica a una\u00a0persona en un sistema de informaci\u00f3n y consiste en un procedimiento.","og_url":"https:\/\/www.ucnc.com.co\/sitio\/firma-electronica-y-digital\/","og_site_name":"UCNC - Uni\u00f3n Colegiada del Notariado Colombiano","article_publisher":"https:\/\/www.facebook.com\/NotariadoColombiano\/","article_modified_time":"2026-01-13T19:43:44+00:00","twitter_card":"summary_large_image","twitter_site":"@notariadoucnc","twitter_misc":{"Tiempo de lectura":"1 minuto"},"schema":{"@context":"https:\/\/schema.org","@graph":[{"@type":"WebPage","@id":"https:\/\/www.ucnc.com.co\/sitio\/firma-electronica-y-digital\/","url":"https:\/\/www.ucnc.com.co\/sitio\/firma-electronica-y-digital\/","name":"Firma Digital - UCNC - Uni\u00f3n Colegiada del Notariado Colombiano","isPartOf":{"@id":"https:\/\/www.ucnc.com.co\/sitio\/#website"},"datePublished":"2020-03-31T17:49:09+00:00","dateModified":"2026-01-13T19:43:44+00:00","description":"La firma digital o firma electr\u00f3nica es el mecanismo t\u00e9cnico que identifica a una\u00a0persona en un sistema de informaci\u00f3n y consiste en un procedimiento.","breadcrumb":{"@id":"https:\/\/www.ucnc.com.co\/sitio\/firma-electronica-y-digital\/#breadcrumb"},"inLanguage":"es-CO","potentialAction":[{"@type":"ReadAction","target":["https:\/\/www.ucnc.com.co\/sitio\/firma-electronica-y-digital\/"]}]},{"@type":"BreadcrumbList","@id":"https:\/\/www.ucnc.com.co\/sitio\/firma-electronica-y-digital\/#breadcrumb","itemListElement":[{"@type":"ListItem","position":1,"name":"Home","item":"https:\/\/www.ucnc.com.co\/sitio\/"},{"@type":"ListItem","position":2,"name":"Firma Digital"}]},{"@type":"WebSite","@id":"https:\/\/www.ucnc.com.co\/sitio\/#website","url":"https:\/\/www.ucnc.com.co\/sitio\/","name":"UCNC - Uni\u00f3n Colegiada del Notariado Colombiano","description":"Entidad privada sin \u00e1nimo de lucro que re\u00fane y representa a los notarios de Colombia.","publisher":{"@id":"https:\/\/www.ucnc.com.co\/sitio\/#organization"},"alternateName":"UCNC","potentialAction":[{"@type":"SearchAction","target":{"@type":"EntryPoint","urlTemplate":"https:\/\/www.ucnc.com.co\/sitio\/?s={search_term_string}"},"query-input":"required name=search_term_string"}],"inLanguage":"es-CO"},{"@type":"Organization","@id":"https:\/\/www.ucnc.com.co\/sitio\/#organization","name":"Uni\u00f3n Colegiada del Notariado Colombiano","alternateName":"UCNC","url":"https:\/\/www.ucnc.com.co\/sitio\/","logo":{"@type":"ImageObject","inLanguage":"es-CO","@id":"https:\/\/www.ucnc.com.co\/sitio\/#\/schema\/logo\/image\/","url":"https:\/\/www.ucnc.com.co\/sitio\/wp-content\/uploads\/2020\/03\/logo.png","contentUrl":"https:\/\/www.ucnc.com.co\/sitio\/wp-content\/uploads\/2020\/03\/logo.png","width":1614,"height":1753,"caption":"Uni\u00f3n Colegiada del Notariado Colombiano"},"image":{"@id":"https:\/\/www.ucnc.com.co\/sitio\/#\/schema\/logo\/image\/"},"sameAs":["https:\/\/www.facebook.com\/NotariadoColombiano\/","https:\/\/x.com\/notariadoucnc","https:\/\/www.instagram.com\/notariado_ucnc\/","https:\/\/www.linkedin.com\/company\/ucnc","https:\/\/www.exijobiometria.com.co\/","https:\/\/www.youtube.com\/channel\/UC8JdCyZfLJgPiGOM1qvJFQA"]}]}},"_links":{"self":[{"href":"https:\/\/www.ucnc.com.co\/sitio\/wp-json\/wp\/v2\/pages\/470"}],"collection":[{"href":"https:\/\/www.ucnc.com.co\/sitio\/wp-json\/wp\/v2\/pages"}],"about":[{"href":"https:\/\/www.ucnc.com.co\/sitio\/wp-json\/wp\/v2\/types\/page"}],"author":[{"embeddable":true,"href":"https:\/\/www.ucnc.com.co\/sitio\/wp-json\/wp\/v2\/users\/1"}],"replies":[{"embeddable":true,"href":"https:\/\/www.ucnc.com.co\/sitio\/wp-json\/wp\/v2\/comments?post=470"}],"version-history":[{"count":23,"href":"https:\/\/www.ucnc.com.co\/sitio\/wp-json\/wp\/v2\/pages\/470\/revisions"}],"predecessor-version":[{"id":18548,"href":"https:\/\/www.ucnc.com.co\/sitio\/wp-json\/wp\/v2\/pages\/470\/revisions\/18548"}],"wp:attachment":[{"href":"https:\/\/www.ucnc.com.co\/sitio\/wp-json\/wp\/v2\/media?parent=470"}],"curies":[{"name":"wp","href":"https:\/\/api.w.org\/{rel}","templated":true}]}}