{"id":539,"date":"2020-03-31T13:46:57","date_gmt":"2020-03-31T18:46:57","guid":{"rendered":"https:\/\/107.190.140.202\/~ucnccom\/wordpress\/?page_id=539"},"modified":"2020-05-15T17:52:12","modified_gmt":"2020-05-15T22:52:12","slug":"legislacion","status":"publish","type":"page","link":"https:\/\/www.ucnc.com.co\/sitio\/legislacion\/","title":{"rendered":"Legislaci\u00f3n"},"content":{"rendered":"\n<div class=\"wp-block-file\"><a href=\"https:\/\/107.190.140.202\/~ucnccom\/wordpress\/wp-content\/uploads\/2020\/03\/CIRCULAR-2565-JUNIO-05-DE-2017.pdf\"> Circular 2565 Junio 05 De 2017 <\/a><a href=\"https:\/\/107.190.140.202\/~ucnccom\/wordpress\/wp-content\/uploads\/2020\/03\/CIRCULAR-2565-JUNIO-05-DE-2017.pdf\" class=\"wp-block-file__button\" download>Descargar<\/a><\/div>\n\n\n\n<div class=\"wp-block-file\"><a href=\"https:\/\/107.190.140.202\/~ucnccom\/wordpress\/wp-content\/uploads\/2020\/03\/Resumen-Ejecutivo-Informe-Final-ENR-2016-VFinal.pdf\"> Resumen Ejecutivo &#8211; Informe Final Enero 2016 <\/a><a href=\"https:\/\/107.190.140.202\/~ucnccom\/wordpress\/wp-content\/uploads\/2020\/03\/Resumen-Ejecutivo-Informe-Final-ENR-2016-VFinal.pdf\" class=\"wp-block-file__button\" download>Descargar<\/a><\/div>\n\n\n\n<div class=\"wp-block-file\"><a href=\"https:\/\/107.190.140.202\/~ucnccom\/wordpress\/wp-content\/uploads\/2020\/03\/Preparacion-para-la-visita-in-situ-004.pdf\">Preparaci\u00f3n para visita<\/a><a href=\"https:\/\/107.190.140.202\/~ucnccom\/wordpress\/wp-content\/uploads\/2020\/03\/Preparacion-para-la-visita-in-situ-004.pdf\" class=\"wp-block-file__button\" download>Descargar<\/a><\/div>\n\n\n\n<div class=\"wp-block-file\"><a href=\"https:\/\/107.190.140.202\/~ucnccom\/wordpress\/wp-content\/uploads\/2020\/03\/guiaparalaprevencionlavadoactivos2013-003.pdf\"> Gu\u00eda Para La Prevenci\u00f3n Lavado Activos 2013<\/a><a href=\"https:\/\/107.190.140.202\/~ucnccom\/wordpress\/wp-content\/uploads\/2020\/03\/guiaparalaprevencionlavadoactivos2013-003.pdf\" class=\"wp-block-file__button\" download>Descargar<\/a><\/div>\n\n\n\n<div class=\"wp-block-file\"><a href=\"https:\/\/107.190.140.202\/~ucnccom\/wordpress\/wp-content\/uploads\/2020\/03\/Politica-nacional-ALACFT-Conpes-3793-de-2013.pdf\">Politica Nacional Alacft Conpes 3793 De 2013<\/a><a href=\"https:\/\/107.190.140.202\/~ucnccom\/wordpress\/wp-content\/uploads\/2020\/03\/Politica-nacional-ALACFT-Conpes-3793-de-2013.pdf\" class=\"wp-block-file__button\" download>Descargar<\/a><\/div>\n\n\n\n<div class=\"wp-block-file\"><a href=\"https:\/\/107.190.140.202\/~ucnccom\/wordpress\/wp-content\/uploads\/2020\/03\/CIRCULAR-1754-ABRIL-25-DE-2017_0.pdf\">Circular 1754 Abril 25 De 2017 &#8211; SNR<\/a><a href=\"https:\/\/107.190.140.202\/~ucnccom\/wordpress\/wp-content\/uploads\/2020\/03\/CIRCULAR-1754-ABRIL-25-DE-2017_0.pdf\" class=\"wp-block-file__button\" download>Descargar<\/a><\/div>\n\n\n\n<div class=\"wp-block-file\"><a href=\"https:\/\/107.190.140.202\/~ucnccom\/wordpress\/wp-content\/uploads\/2020\/03\/DUMJDinteg-220317.pdf\">Decreto N\u00famero 1069 Del 26 De Mayo De 2015 <\/a><a href=\"https:\/\/107.190.140.202\/~ucnccom\/wordpress\/wp-content\/uploads\/2020\/03\/DUMJDinteg-220317.pdf\" class=\"wp-block-file__button\" download>Descargar<\/a><\/div>\n\n\n\n<div class=\"wp-block-file\"><a href=\"https:\/\/107.190.140.202\/~ucnccom\/wordpress\/wp-content\/uploads\/2020\/03\/insadm18de2016.pdf\">Instrucci\u00f3n Administrativa 18 De 2016- SNR<\/a><a href=\"https:\/\/107.190.140.202\/~ucnccom\/wordpress\/wp-content\/uploads\/2020\/03\/insadm18de2016.pdf\" class=\"wp-block-file__button\" download>Descargar<\/a><\/div>\n\n\n\n<div class=\"wp-block-file\"><a href=\"https:\/\/107.190.140.202\/~ucnccom\/wordpress\/wp-content\/uploads\/2020\/03\/INSTRUCCIO\u0301N-ADMINISTRATIVA-08-ABRIL-07-DE-2017.pdf\">Instrucci\u00f3n Administrativa 8 De 2017- SNR<\/a><a href=\"https:\/\/107.190.140.202\/~ucnccom\/wordpress\/wp-content\/uploads\/2020\/03\/INSTRUCCIO\u0301N-ADMINISTRATIVA-08-ABRIL-07-DE-2017.pdf\" class=\"wp-block-file__button\" download>Descargar<\/a><\/div>\n\n\n\n<div class=\"wp-block-file\"><a href=\"https:\/\/107.190.140.202\/~ucnccom\/wordpress\/wp-content\/uploads\/2020\/03\/Decreto-3420-de-2004-CCICLA.pdf\">Decreto 3420 de 2004 <\/a><a href=\"https:\/\/107.190.140.202\/~ucnccom\/wordpress\/wp-content\/uploads\/2020\/03\/Decreto-3420-de-2004-CCICLA.pdf\" class=\"wp-block-file__button\" download>Descargar<\/a><\/div>\n\n\n\n<div class=\"wp-block-file\"><a href=\"https:\/\/107.190.140.202\/~ucnccom\/wordpress\/wp-content\/uploads\/2020\/03\/decreto_1957_2001-1.pdf\">Decreto 1957 de 2001<\/a><a href=\"https:\/\/107.190.140.202\/~ucnccom\/wordpress\/wp-content\/uploads\/2020\/03\/decreto_1957_2001-1.pdf\" class=\"wp-block-file__button\" download>Descargar<\/a><\/div>\n\n\n\n<div class=\"wp-block-file\"><a href=\"https:\/\/107.190.140.202\/~ucnccom\/wordpress\/wp-content\/uploads\/2020\/03\/DECRETO-1674-DEL-21-DE-OCTUBRE-DE-2016-PEP.pdf\">Decreto 1674 Del 21 De Octubre De 2016 <\/a><a href=\"https:\/\/107.190.140.202\/~ucnccom\/wordpress\/wp-content\/uploads\/2020\/03\/DECRETO-1674-DEL-21-DE-OCTUBRE-DE-2016-PEP.pdf\" class=\"wp-block-file__button\" download>Descargar<\/a><\/div>\n\n\n\n<div class=\"wp-block-file\"><a href=\"https:\/\/107.190.140.202\/~ucnccom\/wordpress\/wp-content\/uploads\/2020\/03\/LEY-526-DE-1999-ACTUALIZADA-1621.pdf\">Ley 526 De 1999 Actualizada 1621<\/a><a href=\"https:\/\/107.190.140.202\/~ucnccom\/wordpress\/wp-content\/uploads\/2020\/03\/LEY-526-DE-1999-ACTUALIZADA-1621.pdf\" class=\"wp-block-file__button\" download>Descargar<\/a><\/div>\n\n\n\n<div class=\"wp-block-file\"><a href=\"https:\/\/107.190.140.202\/~ucnccom\/wordpress\/wp-content\/uploads\/2020\/03\/Ley-1121-de-2006-normas-para-prevenir-detectar-investigar-y-sancionar-la-Financiacion-del-Terrorismo.pdf\">Ley 1121 De 2006 Normas Para Prevenir, Detectar, Investigar Y Sancionar La Financiacion Del Terrorismo<\/a><a href=\"https:\/\/107.190.140.202\/~ucnccom\/wordpress\/wp-content\/uploads\/2020\/03\/Ley-1121-de-2006-normas-para-prevenir-detectar-investigar-y-sancionar-la-Financiacion-del-Terrorismo.pdf\" class=\"wp-block-file__button\" download>Descargar<\/a><\/div>\n\n\n\n<div class=\"wp-block-file\"><a href=\"https:\/\/107.190.140.202\/~ucnccom\/wordpress\/wp-content\/uploads\/2020\/03\/LEY-1708-DEL-20-DE-ENERO-DE-2014-CED-1.pdf\">Ley 1708 Del 20 De Enero De 2014 -Ced<\/a><a href=\"https:\/\/107.190.140.202\/~ucnccom\/wordpress\/wp-content\/uploads\/2020\/03\/LEY-1708-DEL-20-DE-ENERO-DE-2014-CED-1.pdf\" class=\"wp-block-file__button\" download>Descargar<\/a><\/div>\n\n\n\n<p>Conozca nuestros boletines de prensa haciendo <a href=\"https:\/\/www.ucnc.com.co\/sitio\/boletines-de-prensa-2020\/\">clic aqu\u00ed<\/a><\/p>\n\n\n\n<p>Consulte nuestras \u00faltimas publicaciones en <a href=\"https:\/\/twitter.com\/notariadoucnc\">Twitter<\/a><\/p>\n","protected":false},"excerpt":{"rendered":"<p>Conozca nuestros boletines de prensa haciendo clic aqu\u00ed Consulte nuestras \u00faltimas publicaciones en Twitter<\/p>\n","protected":false},"author":1,"featured_media":0,"parent":0,"menu_order":0,"comment_status":"closed","ping_status":"closed","template":"","meta":{"site-sidebar-layout":"default","site-content-layout":"","ast-site-content-layout":"","site-content-style":"default","site-sidebar-style":"default","ast-global-header-display":"","ast-banner-title-visibility":"","ast-main-header-display":"","ast-hfb-above-header-display":"","ast-hfb-below-header-display":"","ast-hfb-mobile-header-display":"","site-post-title":"","ast-breadcrumbs-content":"","ast-featured-img":"","footer-sml-layout":"","theme-transparent-header-meta":"","adv-header-id-meta":"","stick-header-meta":"","header-above-stick-meta":"","header-main-stick-meta":"","header-below-stick-meta":"","astra-migrate-meta-layouts":"","footnotes":""},"yoast_head":"<!-- This site is optimized with the Yoast SEO plugin v22.6 - https:\/\/yoast.com\/wordpress\/plugins\/seo\/ -->\n<title>Legislaci\u00f3n - UCNC - Uni\u00f3n Colegiada del Notariado Colombiano<\/title>\n<meta name=\"robots\" content=\"index, follow, max-snippet:-1, max-image-preview:large, max-video-preview:-1\" \/>\n<link rel=\"canonical\" href=\"https:\/\/www.ucnc.com.co\/sitio\/legislacion\/\" \/>\n<meta property=\"og:locale\" content=\"es_ES\" \/>\n<meta property=\"og:type\" content=\"article\" \/>\n<meta property=\"og:title\" content=\"Legislaci\u00f3n - UCNC - Uni\u00f3n Colegiada del Notariado Colombiano\" \/>\n<meta property=\"og:description\" content=\"Conozca nuestros boletines de prensa haciendo clic aqu\u00ed Consulte nuestras \u00faltimas publicaciones en Twitter\" \/>\n<meta property=\"og:url\" content=\"https:\/\/www.ucnc.com.co\/sitio\/legislacion\/\" \/>\n<meta property=\"og:site_name\" content=\"UCNC - Uni\u00f3n Colegiada del Notariado Colombiano\" \/>\n<meta property=\"article:publisher\" content=\"https:\/\/www.facebook.com\/NotariadoColombiano\/\" \/>\n<meta property=\"article:modified_time\" content=\"2020-05-15T22:52:12+00:00\" \/>\n<meta name=\"twitter:card\" content=\"summary_large_image\" \/>\n<meta name=\"twitter:site\" content=\"@notariadoucnc\" \/>\n<meta name=\"twitter:label1\" content=\"Tiempo de lectura\" \/>\n\t<meta name=\"twitter:data1\" content=\"1 minuto\" \/>\n<script type=\"application\/ld+json\" class=\"yoast-schema-graph\">{\"@context\":\"https:\/\/schema.org\",\"@graph\":[{\"@type\":\"WebPage\",\"@id\":\"https:\/\/www.ucnc.com.co\/sitio\/legislacion\/\",\"url\":\"https:\/\/www.ucnc.com.co\/sitio\/legislacion\/\",\"name\":\"Legislaci\u00f3n - UCNC - Uni\u00f3n Colegiada del Notariado Colombiano\",\"isPartOf\":{\"@id\":\"https:\/\/www.ucnc.com.co\/sitio\/#website\"},\"datePublished\":\"2020-03-31T18:46:57+00:00\",\"dateModified\":\"2020-05-15T22:52:12+00:00\",\"breadcrumb\":{\"@id\":\"https:\/\/www.ucnc.com.co\/sitio\/legislacion\/#breadcrumb\"},\"inLanguage\":\"es-CO\",\"potentialAction\":[{\"@type\":\"ReadAction\",\"target\":[\"https:\/\/www.ucnc.com.co\/sitio\/legislacion\/\"]}]},{\"@type\":\"BreadcrumbList\",\"@id\":\"https:\/\/www.ucnc.com.co\/sitio\/legislacion\/#breadcrumb\",\"itemListElement\":[{\"@type\":\"ListItem\",\"position\":1,\"name\":\"Home\",\"item\":\"https:\/\/www.ucnc.com.co\/sitio\/\"},{\"@type\":\"ListItem\",\"position\":2,\"name\":\"Legislaci\u00f3n\"}]},{\"@type\":\"WebSite\",\"@id\":\"https:\/\/www.ucnc.com.co\/sitio\/#website\",\"url\":\"https:\/\/www.ucnc.com.co\/sitio\/\",\"name\":\"UCNC - Uni\u00f3n Colegiada del Notariado Colombiano\",\"description\":\"Entidad privada sin \u00e1nimo de lucro que re\u00fane y representa a los notarios de Colombia.\",\"publisher\":{\"@id\":\"https:\/\/www.ucnc.com.co\/sitio\/#organization\"},\"alternateName\":\"UCNC\",\"potentialAction\":[{\"@type\":\"SearchAction\",\"target\":{\"@type\":\"EntryPoint\",\"urlTemplate\":\"https:\/\/www.ucnc.com.co\/sitio\/?s={search_term_string}\"},\"query-input\":\"required name=search_term_string\"}],\"inLanguage\":\"es-CO\"},{\"@type\":\"Organization\",\"@id\":\"https:\/\/www.ucnc.com.co\/sitio\/#organization\",\"name\":\"Uni\u00f3n Colegiada del Notariado Colombiano\",\"alternateName\":\"UCNC\",\"url\":\"https:\/\/www.ucnc.com.co\/sitio\/\",\"logo\":{\"@type\":\"ImageObject\",\"inLanguage\":\"es-CO\",\"@id\":\"https:\/\/www.ucnc.com.co\/sitio\/#\/schema\/logo\/image\/\",\"url\":\"https:\/\/www.ucnc.com.co\/sitio\/wp-content\/uploads\/2020\/03\/logo.png\",\"contentUrl\":\"https:\/\/www.ucnc.com.co\/sitio\/wp-content\/uploads\/2020\/03\/logo.png\",\"width\":1614,\"height\":1753,\"caption\":\"Uni\u00f3n Colegiada del Notariado Colombiano\"},\"image\":{\"@id\":\"https:\/\/www.ucnc.com.co\/sitio\/#\/schema\/logo\/image\/\"},\"sameAs\":[\"https:\/\/www.facebook.com\/NotariadoColombiano\/\",\"https:\/\/x.com\/notariadoucnc\",\"https:\/\/www.instagram.com\/notariado_ucnc\/\",\"https:\/\/www.linkedin.com\/company\/ucnc\",\"https:\/\/www.exijobiometria.com.co\/\",\"https:\/\/www.youtube.com\/channel\/UC8JdCyZfLJgPiGOM1qvJFQA\"]}]}<\/script>\n<!-- \/ Yoast SEO plugin. -->","yoast_head_json":{"title":"Legislaci\u00f3n - UCNC - Uni\u00f3n Colegiada del Notariado Colombiano","robots":{"index":"index","follow":"follow","max-snippet":"max-snippet:-1","max-image-preview":"max-image-preview:large","max-video-preview":"max-video-preview:-1"},"canonical":"https:\/\/www.ucnc.com.co\/sitio\/legislacion\/","og_locale":"es_ES","og_type":"article","og_title":"Legislaci\u00f3n - UCNC - Uni\u00f3n Colegiada del Notariado Colombiano","og_description":"Conozca nuestros boletines de prensa haciendo clic aqu\u00ed Consulte nuestras \u00faltimas publicaciones en Twitter","og_url":"https:\/\/www.ucnc.com.co\/sitio\/legislacion\/","og_site_name":"UCNC - Uni\u00f3n Colegiada del Notariado Colombiano","article_publisher":"https:\/\/www.facebook.com\/NotariadoColombiano\/","article_modified_time":"2020-05-15T22:52:12+00:00","twitter_card":"summary_large_image","twitter_site":"@notariadoucnc","twitter_misc":{"Tiempo de lectura":"1 minuto"},"schema":{"@context":"https:\/\/schema.org","@graph":[{"@type":"WebPage","@id":"https:\/\/www.ucnc.com.co\/sitio\/legislacion\/","url":"https:\/\/www.ucnc.com.co\/sitio\/legislacion\/","name":"Legislaci\u00f3n - UCNC - Uni\u00f3n Colegiada del Notariado Colombiano","isPartOf":{"@id":"https:\/\/www.ucnc.com.co\/sitio\/#website"},"datePublished":"2020-03-31T18:46:57+00:00","dateModified":"2020-05-15T22:52:12+00:00","breadcrumb":{"@id":"https:\/\/www.ucnc.com.co\/sitio\/legislacion\/#breadcrumb"},"inLanguage":"es-CO","potentialAction":[{"@type":"ReadAction","target":["https:\/\/www.ucnc.com.co\/sitio\/legislacion\/"]}]},{"@type":"BreadcrumbList","@id":"https:\/\/www.ucnc.com.co\/sitio\/legislacion\/#breadcrumb","itemListElement":[{"@type":"ListItem","position":1,"name":"Home","item":"https:\/\/www.ucnc.com.co\/sitio\/"},{"@type":"ListItem","position":2,"name":"Legislaci\u00f3n"}]},{"@type":"WebSite","@id":"https:\/\/www.ucnc.com.co\/sitio\/#website","url":"https:\/\/www.ucnc.com.co\/sitio\/","name":"UCNC - Uni\u00f3n Colegiada del Notariado Colombiano","description":"Entidad privada sin \u00e1nimo de lucro que re\u00fane y representa a los notarios de Colombia.","publisher":{"@id":"https:\/\/www.ucnc.com.co\/sitio\/#organization"},"alternateName":"UCNC","potentialAction":[{"@type":"SearchAction","target":{"@type":"EntryPoint","urlTemplate":"https:\/\/www.ucnc.com.co\/sitio\/?s={search_term_string}"},"query-input":"required name=search_term_string"}],"inLanguage":"es-CO"},{"@type":"Organization","@id":"https:\/\/www.ucnc.com.co\/sitio\/#organization","name":"Uni\u00f3n Colegiada del Notariado Colombiano","alternateName":"UCNC","url":"https:\/\/www.ucnc.com.co\/sitio\/","logo":{"@type":"ImageObject","inLanguage":"es-CO","@id":"https:\/\/www.ucnc.com.co\/sitio\/#\/schema\/logo\/image\/","url":"https:\/\/www.ucnc.com.co\/sitio\/wp-content\/uploads\/2020\/03\/logo.png","contentUrl":"https:\/\/www.ucnc.com.co\/sitio\/wp-content\/uploads\/2020\/03\/logo.png","width":1614,"height":1753,"caption":"Uni\u00f3n Colegiada del Notariado Colombiano"},"image":{"@id":"https:\/\/www.ucnc.com.co\/sitio\/#\/schema\/logo\/image\/"},"sameAs":["https:\/\/www.facebook.com\/NotariadoColombiano\/","https:\/\/x.com\/notariadoucnc","https:\/\/www.instagram.com\/notariado_ucnc\/","https:\/\/www.linkedin.com\/company\/ucnc","https:\/\/www.exijobiometria.com.co\/","https:\/\/www.youtube.com\/channel\/UC8JdCyZfLJgPiGOM1qvJFQA"]}]}},"_links":{"self":[{"href":"https:\/\/www.ucnc.com.co\/sitio\/wp-json\/wp\/v2\/pages\/539"}],"collection":[{"href":"https:\/\/www.ucnc.com.co\/sitio\/wp-json\/wp\/v2\/pages"}],"about":[{"href":"https:\/\/www.ucnc.com.co\/sitio\/wp-json\/wp\/v2\/types\/page"}],"author":[{"embeddable":true,"href":"https:\/\/www.ucnc.com.co\/sitio\/wp-json\/wp\/v2\/users\/1"}],"replies":[{"embeddable":true,"href":"https:\/\/www.ucnc.com.co\/sitio\/wp-json\/wp\/v2\/comments?post=539"}],"version-history":[{"count":4,"href":"https:\/\/www.ucnc.com.co\/sitio\/wp-json\/wp\/v2\/pages\/539\/revisions"}],"predecessor-version":[{"id":3974,"href":"https:\/\/www.ucnc.com.co\/sitio\/wp-json\/wp\/v2\/pages\/539\/revisions\/3974"}],"wp:attachment":[{"href":"https:\/\/www.ucnc.com.co\/sitio\/wp-json\/wp\/v2\/media?parent=539"}],"curies":[{"name":"wp","href":"https:\/\/api.w.org\/{rel}","templated":true}]}}