{"id":6201,"date":"2020-09-14T15:17:02","date_gmt":"2020-09-14T20:17:02","guid":{"rendered":"https:\/\/www.ucnc.com.co\/sitio\/?page_id=6201"},"modified":"2020-09-14T15:17:03","modified_gmt":"2020-09-14T20:17:03","slug":"mensajes","status":"publish","type":"page","link":"https:\/\/www.ucnc.com.co\/sitio\/mensajes\/","title":{"rendered":"Mensajes"},"content":{"rendered":"","protected":false},"excerpt":{"rendered":"","protected":false},"author":3,"featured_media":0,"parent":0,"menu_order":0,"comment_status":"closed","ping_status":"closed","template":"","meta":{"site-sidebar-layout":"default","site-content-layout":"","ast-site-content-layout":"default","site-content-style":"default","site-sidebar-style":"default","ast-global-header-display":"","ast-banner-title-visibility":"","ast-main-header-display":"","ast-hfb-above-header-display":"","ast-hfb-below-header-display":"","ast-hfb-mobile-header-display":"","site-post-title":"","ast-breadcrumbs-content":"","ast-featured-img":"","footer-sml-layout":"","ast-disable-related-posts":"","theme-transparent-header-meta":"","adv-header-id-meta":"","stick-header-meta":"","header-above-stick-meta":"","header-main-stick-meta":"","header-below-stick-meta":"","astra-migrate-meta-layouts":"default","ast-page-background-enabled":"default","ast-page-background-meta":{"desktop":{"background-color":"var(--ast-global-color-4)","background-image":"","background-repeat":"repeat","background-position":"center center","background-size":"auto","background-attachment":"scroll","background-type":"","background-media":"","overlay-type":"","overlay-color":"","overlay-opacity":"","overlay-gradient":""},"tablet":{"background-color":"","background-image":"","background-repeat":"repeat","background-position":"center center","background-size":"auto","background-attachment":"scroll","background-type":"","background-media":"","overlay-type":"","overlay-color":"","overlay-opacity":"","overlay-gradient":""},"mobile":{"background-color":"","background-image":"","background-repeat":"repeat","background-position":"center center","background-size":"auto","background-attachment":"scroll","background-type":"","background-media":"","overlay-type":"","overlay-color":"","overlay-opacity":"","overlay-gradient":""}},"ast-content-background-meta":{"desktop":{"background-color":"var(--ast-global-color-5)","background-image":"","background-repeat":"repeat","background-position":"center center","background-size":"auto","background-attachment":"scroll","background-type":"","background-media":"","overlay-type":"","overlay-color":"","overlay-opacity":"","overlay-gradient":""},"tablet":{"background-color":"var(--ast-global-color-5)","background-image":"","background-repeat":"repeat","background-position":"center center","background-size":"auto","background-attachment":"scroll","background-type":"","background-media":"","overlay-type":"","overlay-color":"","overlay-opacity":"","overlay-gradient":""},"mobile":{"background-color":"var(--ast-global-color-5)","background-image":"","background-repeat":"repeat","background-position":"center center","background-size":"auto","background-attachment":"scroll","background-type":"","background-media":"","overlay-type":"","overlay-color":"","overlay-opacity":"","overlay-gradient":""}},"footnotes":""},"class_list":["post-6201","page","type-page","status-publish","hentry"],"yoast_head":"<!-- This site is optimized with the Yoast SEO plugin v27.6 - https:\/\/yoast.com\/product\/yoast-seo-wordpress\/ -->\n<title>Mensajes - UCNC - Uni\u00f3n Colegiada del Notariado Colombiano<\/title>\n<meta name=\"robots\" content=\"index, follow, max-snippet:-1, max-image-preview:large, max-video-preview:-1\" \/>\n<link rel=\"canonical\" href=\"https:\/\/www.ucnc.com.co\/sitio\/mensajes\/\" \/>\n<meta property=\"og:locale\" content=\"es_ES\" \/>\n<meta property=\"og:type\" content=\"article\" \/>\n<meta property=\"og:title\" content=\"Mensajes - UCNC - Uni\u00f3n Colegiada del Notariado Colombiano\" \/>\n<meta property=\"og:url\" content=\"https:\/\/www.ucnc.com.co\/sitio\/mensajes\/\" \/>\n<meta property=\"og:site_name\" content=\"UCNC - Uni\u00f3n Colegiada del Notariado Colombiano\" \/>\n<meta property=\"article:publisher\" content=\"https:\/\/www.facebook.com\/NotariadoColombiano\/\" \/>\n<meta property=\"article:modified_time\" content=\"2020-09-14T20:17:03+00:00\" \/>\n<meta name=\"twitter:card\" content=\"summary_large_image\" \/>\n<meta name=\"twitter:site\" content=\"@notariadoucnc\" \/>\n<script type=\"application\/ld+json\" class=\"yoast-schema-graph\">{\"@context\":\"https:\\\/\\\/schema.org\",\"@graph\":[{\"@type\":\"WebPage\",\"@id\":\"https:\\\/\\\/www.ucnc.com.co\\\/sitio\\\/mensajes\\\/\",\"url\":\"https:\\\/\\\/www.ucnc.com.co\\\/sitio\\\/mensajes\\\/\",\"name\":\"Mensajes - UCNC - Uni\u00f3n Colegiada del Notariado Colombiano\",\"isPartOf\":{\"@id\":\"https:\\\/\\\/www.ucnc.com.co\\\/sitio\\\/#website\"},\"datePublished\":\"2020-09-14T20:17:02+00:00\",\"dateModified\":\"2020-09-14T20:17:03+00:00\",\"breadcrumb\":{\"@id\":\"https:\\\/\\\/www.ucnc.com.co\\\/sitio\\\/mensajes\\\/#breadcrumb\"},\"inLanguage\":\"es-CO\",\"potentialAction\":[{\"@type\":\"ReadAction\",\"target\":[\"https:\\\/\\\/www.ucnc.com.co\\\/sitio\\\/mensajes\\\/\"]}]},{\"@type\":\"BreadcrumbList\",\"@id\":\"https:\\\/\\\/www.ucnc.com.co\\\/sitio\\\/mensajes\\\/#breadcrumb\",\"itemListElement\":[{\"@type\":\"ListItem\",\"position\":1,\"name\":\"Home\",\"item\":\"https:\\\/\\\/www.ucnc.com.co\\\/sitio\\\/\"},{\"@type\":\"ListItem\",\"position\":2,\"name\":\"Mensajes\"}]},{\"@type\":\"WebSite\",\"@id\":\"https:\\\/\\\/www.ucnc.com.co\\\/sitio\\\/#website\",\"url\":\"https:\\\/\\\/www.ucnc.com.co\\\/sitio\\\/\",\"name\":\"UCNC - Uni\u00f3n Colegiada del Notariado Colombiano\",\"description\":\"Entidad privada sin \u00e1nimo de lucro que re\u00fane y representa a los notarios de Colombia.\",\"publisher\":{\"@id\":\"https:\\\/\\\/www.ucnc.com.co\\\/sitio\\\/#organization\"},\"alternateName\":\"UCNC\",\"potentialAction\":[{\"@type\":\"SearchAction\",\"target\":{\"@type\":\"EntryPoint\",\"urlTemplate\":\"https:\\\/\\\/www.ucnc.com.co\\\/sitio\\\/?s={search_term_string}\"},\"query-input\":{\"@type\":\"PropertyValueSpecification\",\"valueRequired\":true,\"valueName\":\"search_term_string\"}}],\"inLanguage\":\"es-CO\"},{\"@type\":\"Organization\",\"@id\":\"https:\\\/\\\/www.ucnc.com.co\\\/sitio\\\/#organization\",\"name\":\"Uni\u00f3n Colegiada del Notariado Colombiano\",\"alternateName\":\"UCNC\",\"url\":\"https:\\\/\\\/www.ucnc.com.co\\\/sitio\\\/\",\"logo\":{\"@type\":\"ImageObject\",\"inLanguage\":\"es-CO\",\"@id\":\"https:\\\/\\\/www.ucnc.com.co\\\/sitio\\\/#\\\/schema\\\/logo\\\/image\\\/\",\"url\":\"https:\\\/\\\/www.ucnc.com.co\\\/sitio\\\/wp-content\\\/uploads\\\/2020\\\/03\\\/logo.png\",\"contentUrl\":\"https:\\\/\\\/www.ucnc.com.co\\\/sitio\\\/wp-content\\\/uploads\\\/2020\\\/03\\\/logo.png\",\"width\":1614,\"height\":1753,\"caption\":\"Uni\u00f3n Colegiada del Notariado Colombiano\"},\"image\":{\"@id\":\"https:\\\/\\\/www.ucnc.com.co\\\/sitio\\\/#\\\/schema\\\/logo\\\/image\\\/\"},\"sameAs\":[\"https:\\\/\\\/www.facebook.com\\\/NotariadoColombiano\\\/\",\"https:\\\/\\\/x.com\\\/notariadoucnc\",\"https:\\\/\\\/www.instagram.com\\\/notariado_ucnc\\\/\",\"https:\\\/\\\/www.linkedin.com\\\/company\\\/ucnc\",\"https:\\\/\\\/www.exijobiometria.com.co\\\/\",\"https:\\\/\\\/www.youtube.com\\\/channel\\\/UC8JdCyZfLJgPiGOM1qvJFQA\"]}]}<\/script>\n<!-- \/ Yoast SEO plugin. -->","yoast_head_json":{"title":"Mensajes - UCNC - Uni\u00f3n Colegiada del Notariado Colombiano","robots":{"index":"index","follow":"follow","max-snippet":"max-snippet:-1","max-image-preview":"max-image-preview:large","max-video-preview":"max-video-preview:-1"},"canonical":"https:\/\/www.ucnc.com.co\/sitio\/mensajes\/","og_locale":"es_ES","og_type":"article","og_title":"Mensajes - UCNC - Uni\u00f3n Colegiada del Notariado Colombiano","og_url":"https:\/\/www.ucnc.com.co\/sitio\/mensajes\/","og_site_name":"UCNC - Uni\u00f3n Colegiada del Notariado Colombiano","article_publisher":"https:\/\/www.facebook.com\/NotariadoColombiano\/","article_modified_time":"2020-09-14T20:17:03+00:00","twitter_card":"summary_large_image","twitter_site":"@notariadoucnc","schema":{"@context":"https:\/\/schema.org","@graph":[{"@type":"WebPage","@id":"https:\/\/www.ucnc.com.co\/sitio\/mensajes\/","url":"https:\/\/www.ucnc.com.co\/sitio\/mensajes\/","name":"Mensajes - UCNC - Uni\u00f3n Colegiada del Notariado Colombiano","isPartOf":{"@id":"https:\/\/www.ucnc.com.co\/sitio\/#website"},"datePublished":"2020-09-14T20:17:02+00:00","dateModified":"2020-09-14T20:17:03+00:00","breadcrumb":{"@id":"https:\/\/www.ucnc.com.co\/sitio\/mensajes\/#breadcrumb"},"inLanguage":"es-CO","potentialAction":[{"@type":"ReadAction","target":["https:\/\/www.ucnc.com.co\/sitio\/mensajes\/"]}]},{"@type":"BreadcrumbList","@id":"https:\/\/www.ucnc.com.co\/sitio\/mensajes\/#breadcrumb","itemListElement":[{"@type":"ListItem","position":1,"name":"Home","item":"https:\/\/www.ucnc.com.co\/sitio\/"},{"@type":"ListItem","position":2,"name":"Mensajes"}]},{"@type":"WebSite","@id":"https:\/\/www.ucnc.com.co\/sitio\/#website","url":"https:\/\/www.ucnc.com.co\/sitio\/","name":"UCNC - Uni\u00f3n Colegiada del Notariado Colombiano","description":"Entidad privada sin \u00e1nimo de lucro que re\u00fane y representa a los notarios de Colombia.","publisher":{"@id":"https:\/\/www.ucnc.com.co\/sitio\/#organization"},"alternateName":"UCNC","potentialAction":[{"@type":"SearchAction","target":{"@type":"EntryPoint","urlTemplate":"https:\/\/www.ucnc.com.co\/sitio\/?s={search_term_string}"},"query-input":{"@type":"PropertyValueSpecification","valueRequired":true,"valueName":"search_term_string"}}],"inLanguage":"es-CO"},{"@type":"Organization","@id":"https:\/\/www.ucnc.com.co\/sitio\/#organization","name":"Uni\u00f3n Colegiada del Notariado Colombiano","alternateName":"UCNC","url":"https:\/\/www.ucnc.com.co\/sitio\/","logo":{"@type":"ImageObject","inLanguage":"es-CO","@id":"https:\/\/www.ucnc.com.co\/sitio\/#\/schema\/logo\/image\/","url":"https:\/\/www.ucnc.com.co\/sitio\/wp-content\/uploads\/2020\/03\/logo.png","contentUrl":"https:\/\/www.ucnc.com.co\/sitio\/wp-content\/uploads\/2020\/03\/logo.png","width":1614,"height":1753,"caption":"Uni\u00f3n Colegiada del Notariado Colombiano"},"image":{"@id":"https:\/\/www.ucnc.com.co\/sitio\/#\/schema\/logo\/image\/"},"sameAs":["https:\/\/www.facebook.com\/NotariadoColombiano\/","https:\/\/x.com\/notariadoucnc","https:\/\/www.instagram.com\/notariado_ucnc\/","https:\/\/www.linkedin.com\/company\/ucnc","https:\/\/www.exijobiometria.com.co\/","https:\/\/www.youtube.com\/channel\/UC8JdCyZfLJgPiGOM1qvJFQA"]}]}},"_links":{"self":[{"href":"https:\/\/www.ucnc.com.co\/sitio\/wp-json\/wp\/v2\/pages\/6201","targetHints":{"allow":["GET"]}}],"collection":[{"href":"https:\/\/www.ucnc.com.co\/sitio\/wp-json\/wp\/v2\/pages"}],"about":[{"href":"https:\/\/www.ucnc.com.co\/sitio\/wp-json\/wp\/v2\/types\/page"}],"author":[{"embeddable":true,"href":"https:\/\/www.ucnc.com.co\/sitio\/wp-json\/wp\/v2\/users\/3"}],"replies":[{"embeddable":true,"href":"https:\/\/www.ucnc.com.co\/sitio\/wp-json\/wp\/v2\/comments?post=6201"}],"version-history":[{"count":1,"href":"https:\/\/www.ucnc.com.co\/sitio\/wp-json\/wp\/v2\/pages\/6201\/revisions"}],"predecessor-version":[{"id":6202,"href":"https:\/\/www.ucnc.com.co\/sitio\/wp-json\/wp\/v2\/pages\/6201\/revisions\/6202"}],"wp:attachment":[{"href":"https:\/\/www.ucnc.com.co\/sitio\/wp-json\/wp\/v2\/media?parent=6201"}],"curies":[{"name":"wp","href":"https:\/\/api.w.org\/{rel}","templated":true}]}}