{"id":63,"date":"2020-02-21T14:27:29","date_gmt":"2020-02-21T19:27:29","guid":{"rendered":"http:\/\/107.190.140.202\/~wordpressucnccom\/wordpress\/?page_id=63"},"modified":"2020-05-18T11:29:13","modified_gmt":"2020-05-18T16:29:13","slug":"la-casa-del-notariado-colombiano","status":"publish","type":"page","link":"https:\/\/www.ucnc.com.co\/sitio\/la-casa-del-notariado-colombiano\/","title":{"rendered":"La Casa del Notariado Colombiano"},"content":{"rendered":"\n<p>La Casa del Notariado Colombiano, se encuentra ubicada en la Carrera 9 # 97-20, barrio Chic\u00f3 -Bogot\u00e1. <\/p>\n\n\n\n<figure class=\"wp-block-embed-youtube wp-block-embed is-type-video is-provider-youtube wp-embed-aspect-16-9 wp-has-aspect-ratio\"><div class=\"wp-block-embed__wrapper\">\n<div class=\"ast-oembed-container\" style=\"height: 100%;\"><iframe title=\"Sede Nacional Uni\u00f3n Colegiada del Notariado Colombiano\" width=\"500\" height=\"281\" src=\"https:\/\/www.youtube.com\/embed\/Uk46RjXe7eQ?feature=oembed\" frameborder=\"0\" allow=\"accelerometer; autoplay; clipboard-write; encrypted-media; gyroscope; picture-in-picture; web-share\" allowfullscreen><\/iframe><\/div>\n<\/div><\/figure>\n\n\n\n\n\n<p style=\"text-align: justify;\">Los Notarios de la Rep\u00fablica de Colombia declaramos la constituci\u00f3n de la Asociaci\u00f3n denominada\u00a0<strong>UNI\u00d3N COLEGIADA DEL NOTARIADO COLOMBIANO \u201cU.C.N.C.<\/strong>\u201d.<\/p>\n<p style=\"text-align: justify;\">El objeto principal es la elevaci\u00f3n moral, intelectual, acad\u00e9mica, cient\u00edfica tecnol\u00f3gica y material de la Instituci\u00f3n Notarial.<\/p>\n<p style=\"text-align: justify;\">Se debe estimular en sus asociados el cumplimiento de la Constituci\u00f3n Pol\u00edtica, de las leyes y de los principios de Deontolog\u00eda Notarial.<\/p>\n<p style=\"text-align: justify;\">Con fundamento en estos postulados, propiciando la convivencia, la paz jur\u00eddica y social de la comunidad, la defensa de la democracia, el respeto al imperio de la ley y las instituciones legalmente constituidas.<\/p>\n<p style=\"text-align: justify;\">Integran esta Asociaci\u00f3n los notarios del pa\u00eds que est\u00e9n afiliados a la misma. No habr\u00e1 discriminaci\u00f3n de ning\u00fan tipo ni por raz\u00f3n alguna.<\/p>\n<p style=\"text-align: justify;\">La<strong>\u00a0\u201cU.C.N.C.\u201d<\/strong> propiciar\u00e1 el bienestar de sus miembros, el mejoramiento de sus condiciones personales, su estabilidad, capacitaci\u00f3n e ilustraci\u00f3n para el ejercicio del cargo.<\/p>\n<p style=\"text-align: justify;\">Con el fin de enaltecer la noble misi\u00f3n del Notario, bajo los principios y fundamentos de la moral, honestidad, transparencia, \u00e9tica, seguridad jur\u00eddica, legalidad y excelencia en el servicio.<\/p>\n<p style=\"text-align: justify;\">La solidaridad y fraternidad entre los asociados, constituyen la aut\u00e9ntica expresi\u00f3n de unidad gremial.\u00a0<\/p>\n\n\n\n<p>Conozca nuestros boletines de prensa haciendo <a href=\"https:\/\/www.ucnc.com.co\/sitio\/boletines-de-prensa-2020\/\">clic aqu\u00ed<\/a><\/p>\n\n\n\n<p>Consulte nuestras \u00faltimas publicaciones en <a href=\"https:\/\/twitter.com\/notariadoucnc\">Twitter<\/a><\/p>\n","protected":false},"excerpt":{"rendered":"<p>La Casa del Notariado Colombiano, se encuentra ubicada en la Carrera 9 # 97-20, barrio Chic\u00f3 -Bogot\u00e1. Los Notarios de la Rep\u00fablica de Colombia declaramos la constituci\u00f3n de la Asociaci\u00f3n denominada\u00a0UNI\u00d3N COLEGIADA DEL NOTARIADO COLOMBIANO \u201cU.C.N.C.\u201d. El objeto principal es la elevaci\u00f3n moral, intelectual, acad\u00e9mica, cient\u00edfica tecnol\u00f3gica y material de la Instituci\u00f3n Notarial. Se debe &hellip;<\/p>\n<p class=\"read-more\"> <a class=\"\" href=\"https:\/\/www.ucnc.com.co\/sitio\/la-casa-del-notariado-colombiano\/\"> <span class=\"screen-reader-text\">La Casa del Notariado Colombiano<\/span> Leer m\u00e1s &raquo;<\/a><\/p>\n","protected":false},"author":1,"featured_media":0,"parent":0,"menu_order":0,"comment_status":"open","ping_status":"closed","template":"","meta":{"site-sidebar-layout":"default","site-content-layout":"","ast-site-content-layout":"","site-content-style":"default","site-sidebar-style":"default","ast-global-header-display":"","ast-banner-title-visibility":"","ast-main-header-display":"","ast-hfb-above-header-display":"","ast-hfb-below-header-display":"","ast-hfb-mobile-header-display":"","site-post-title":"","ast-breadcrumbs-content":"","ast-featured-img":"","footer-sml-layout":"","theme-transparent-header-meta":"","adv-header-id-meta":"","stick-header-meta":"","header-above-stick-meta":"","header-main-stick-meta":"","header-below-stick-meta":"","astra-migrate-meta-layouts":"","footnotes":""},"yoast_head":"<!-- This site is optimized with the Yoast SEO plugin v22.6 - https:\/\/yoast.com\/wordpress\/plugins\/seo\/ -->\n<title>La Casa del Notariado Colombiano - UCNC - Uni\u00f3n Colegiada del Notariado Colombiano<\/title>\n<meta name=\"description\" content=\"Los Notarios de la Rep\u00fablica de Colombia declaramos la constituci\u00f3n de la Asociaci\u00f3n denominada\u00a0UNI\u00d3N COLEGIADA DEL NOTARIADO COLOMBIANO \u201cU.C.N.C.\u201d\" \/>\n<meta name=\"robots\" content=\"index, follow, max-snippet:-1, max-image-preview:large, max-video-preview:-1\" \/>\n<link rel=\"canonical\" href=\"https:\/\/www.ucnc.com.co\/sitio\/la-casa-del-notariado-colombiano\/\" \/>\n<meta property=\"og:locale\" content=\"es_ES\" \/>\n<meta property=\"og:type\" content=\"article\" \/>\n<meta property=\"og:title\" content=\"La Casa del Notariado Colombiano - UCNC - Uni\u00f3n Colegiada del Notariado Colombiano\" \/>\n<meta property=\"og:description\" content=\"Los Notarios de la Rep\u00fablica de Colombia declaramos la constituci\u00f3n de la Asociaci\u00f3n denominada\u00a0UNI\u00d3N COLEGIADA DEL NOTARIADO COLOMBIANO \u201cU.C.N.C.\u201d\" \/>\n<meta property=\"og:url\" content=\"https:\/\/www.ucnc.com.co\/sitio\/la-casa-del-notariado-colombiano\/\" \/>\n<meta property=\"og:site_name\" content=\"UCNC - Uni\u00f3n Colegiada del Notariado Colombiano\" \/>\n<meta property=\"article:publisher\" content=\"https:\/\/www.facebook.com\/NotariadoColombiano\/\" \/>\n<meta property=\"article:modified_time\" content=\"2020-05-18T16:29:13+00:00\" \/>\n<meta name=\"twitter:card\" content=\"summary_large_image\" \/>\n<meta name=\"twitter:site\" content=\"@notariadoucnc\" \/>\n<meta name=\"twitter:label1\" content=\"Tiempo de lectura\" \/>\n\t<meta name=\"twitter:data1\" content=\"1 minuto\" \/>\n<script type=\"application\/ld+json\" class=\"yoast-schema-graph\">{\"@context\":\"https:\/\/schema.org\",\"@graph\":[{\"@type\":\"WebPage\",\"@id\":\"https:\/\/www.ucnc.com.co\/sitio\/la-casa-del-notariado-colombiano\/\",\"url\":\"https:\/\/www.ucnc.com.co\/sitio\/la-casa-del-notariado-colombiano\/\",\"name\":\"La Casa del Notariado Colombiano - UCNC - Uni\u00f3n Colegiada del Notariado Colombiano\",\"isPartOf\":{\"@id\":\"https:\/\/www.ucnc.com.co\/sitio\/#website\"},\"datePublished\":\"2020-02-21T19:27:29+00:00\",\"dateModified\":\"2020-05-18T16:29:13+00:00\",\"description\":\"Los Notarios de la Rep\u00fablica de Colombia declaramos la constituci\u00f3n de la Asociaci\u00f3n denominada\u00a0UNI\u00d3N COLEGIADA DEL NOTARIADO COLOMBIANO \u201cU.C.N.C.\u201d\",\"breadcrumb\":{\"@id\":\"https:\/\/www.ucnc.com.co\/sitio\/la-casa-del-notariado-colombiano\/#breadcrumb\"},\"inLanguage\":\"es-CO\",\"potentialAction\":[{\"@type\":\"ReadAction\",\"target\":[\"https:\/\/www.ucnc.com.co\/sitio\/la-casa-del-notariado-colombiano\/\"]}]},{\"@type\":\"BreadcrumbList\",\"@id\":\"https:\/\/www.ucnc.com.co\/sitio\/la-casa-del-notariado-colombiano\/#breadcrumb\",\"itemListElement\":[{\"@type\":\"ListItem\",\"position\":1,\"name\":\"Home\",\"item\":\"https:\/\/www.ucnc.com.co\/sitio\/\"},{\"@type\":\"ListItem\",\"position\":2,\"name\":\"La Casa del Notariado Colombiano\"}]},{\"@type\":\"WebSite\",\"@id\":\"https:\/\/www.ucnc.com.co\/sitio\/#website\",\"url\":\"https:\/\/www.ucnc.com.co\/sitio\/\",\"name\":\"UCNC - Uni\u00f3n Colegiada del Notariado Colombiano\",\"description\":\"Entidad privada sin \u00e1nimo de lucro que re\u00fane y representa a los notarios de Colombia.\",\"publisher\":{\"@id\":\"https:\/\/www.ucnc.com.co\/sitio\/#organization\"},\"alternateName\":\"UCNC\",\"potentialAction\":[{\"@type\":\"SearchAction\",\"target\":{\"@type\":\"EntryPoint\",\"urlTemplate\":\"https:\/\/www.ucnc.com.co\/sitio\/?s={search_term_string}\"},\"query-input\":\"required name=search_term_string\"}],\"inLanguage\":\"es-CO\"},{\"@type\":\"Organization\",\"@id\":\"https:\/\/www.ucnc.com.co\/sitio\/#organization\",\"name\":\"Uni\u00f3n Colegiada del Notariado Colombiano\",\"alternateName\":\"UCNC\",\"url\":\"https:\/\/www.ucnc.com.co\/sitio\/\",\"logo\":{\"@type\":\"ImageObject\",\"inLanguage\":\"es-CO\",\"@id\":\"https:\/\/www.ucnc.com.co\/sitio\/#\/schema\/logo\/image\/\",\"url\":\"https:\/\/www.ucnc.com.co\/sitio\/wp-content\/uploads\/2020\/03\/logo.png\",\"contentUrl\":\"https:\/\/www.ucnc.com.co\/sitio\/wp-content\/uploads\/2020\/03\/logo.png\",\"width\":1614,\"height\":1753,\"caption\":\"Uni\u00f3n Colegiada del Notariado Colombiano\"},\"image\":{\"@id\":\"https:\/\/www.ucnc.com.co\/sitio\/#\/schema\/logo\/image\/\"},\"sameAs\":[\"https:\/\/www.facebook.com\/NotariadoColombiano\/\",\"https:\/\/x.com\/notariadoucnc\",\"https:\/\/www.instagram.com\/notariado_ucnc\/\",\"https:\/\/www.linkedin.com\/company\/ucnc\",\"https:\/\/www.exijobiometria.com.co\/\",\"https:\/\/www.youtube.com\/channel\/UC8JdCyZfLJgPiGOM1qvJFQA\"]}]}<\/script>\n<!-- \/ Yoast SEO plugin. -->","yoast_head_json":{"title":"La Casa del Notariado Colombiano - UCNC - Uni\u00f3n Colegiada del Notariado Colombiano","description":"Los Notarios de la Rep\u00fablica de Colombia declaramos la constituci\u00f3n de la Asociaci\u00f3n denominada\u00a0UNI\u00d3N COLEGIADA DEL NOTARIADO COLOMBIANO \u201cU.C.N.C.\u201d","robots":{"index":"index","follow":"follow","max-snippet":"max-snippet:-1","max-image-preview":"max-image-preview:large","max-video-preview":"max-video-preview:-1"},"canonical":"https:\/\/www.ucnc.com.co\/sitio\/la-casa-del-notariado-colombiano\/","og_locale":"es_ES","og_type":"article","og_title":"La Casa del Notariado Colombiano - UCNC - Uni\u00f3n Colegiada del Notariado Colombiano","og_description":"Los Notarios de la Rep\u00fablica de Colombia declaramos la constituci\u00f3n de la Asociaci\u00f3n denominada\u00a0UNI\u00d3N COLEGIADA DEL NOTARIADO COLOMBIANO \u201cU.C.N.C.\u201d","og_url":"https:\/\/www.ucnc.com.co\/sitio\/la-casa-del-notariado-colombiano\/","og_site_name":"UCNC - Uni\u00f3n Colegiada del Notariado Colombiano","article_publisher":"https:\/\/www.facebook.com\/NotariadoColombiano\/","article_modified_time":"2020-05-18T16:29:13+00:00","twitter_card":"summary_large_image","twitter_site":"@notariadoucnc","twitter_misc":{"Tiempo de lectura":"1 minuto"},"schema":{"@context":"https:\/\/schema.org","@graph":[{"@type":"WebPage","@id":"https:\/\/www.ucnc.com.co\/sitio\/la-casa-del-notariado-colombiano\/","url":"https:\/\/www.ucnc.com.co\/sitio\/la-casa-del-notariado-colombiano\/","name":"La Casa del Notariado Colombiano - UCNC - Uni\u00f3n Colegiada del Notariado Colombiano","isPartOf":{"@id":"https:\/\/www.ucnc.com.co\/sitio\/#website"},"datePublished":"2020-02-21T19:27:29+00:00","dateModified":"2020-05-18T16:29:13+00:00","description":"Los Notarios de la Rep\u00fablica de Colombia declaramos la constituci\u00f3n de la Asociaci\u00f3n denominada\u00a0UNI\u00d3N COLEGIADA DEL NOTARIADO COLOMBIANO \u201cU.C.N.C.\u201d","breadcrumb":{"@id":"https:\/\/www.ucnc.com.co\/sitio\/la-casa-del-notariado-colombiano\/#breadcrumb"},"inLanguage":"es-CO","potentialAction":[{"@type":"ReadAction","target":["https:\/\/www.ucnc.com.co\/sitio\/la-casa-del-notariado-colombiano\/"]}]},{"@type":"BreadcrumbList","@id":"https:\/\/www.ucnc.com.co\/sitio\/la-casa-del-notariado-colombiano\/#breadcrumb","itemListElement":[{"@type":"ListItem","position":1,"name":"Home","item":"https:\/\/www.ucnc.com.co\/sitio\/"},{"@type":"ListItem","position":2,"name":"La Casa del Notariado Colombiano"}]},{"@type":"WebSite","@id":"https:\/\/www.ucnc.com.co\/sitio\/#website","url":"https:\/\/www.ucnc.com.co\/sitio\/","name":"UCNC - Uni\u00f3n Colegiada del Notariado Colombiano","description":"Entidad privada sin \u00e1nimo de lucro que re\u00fane y representa a los notarios de Colombia.","publisher":{"@id":"https:\/\/www.ucnc.com.co\/sitio\/#organization"},"alternateName":"UCNC","potentialAction":[{"@type":"SearchAction","target":{"@type":"EntryPoint","urlTemplate":"https:\/\/www.ucnc.com.co\/sitio\/?s={search_term_string}"},"query-input":"required name=search_term_string"}],"inLanguage":"es-CO"},{"@type":"Organization","@id":"https:\/\/www.ucnc.com.co\/sitio\/#organization","name":"Uni\u00f3n Colegiada del Notariado Colombiano","alternateName":"UCNC","url":"https:\/\/www.ucnc.com.co\/sitio\/","logo":{"@type":"ImageObject","inLanguage":"es-CO","@id":"https:\/\/www.ucnc.com.co\/sitio\/#\/schema\/logo\/image\/","url":"https:\/\/www.ucnc.com.co\/sitio\/wp-content\/uploads\/2020\/03\/logo.png","contentUrl":"https:\/\/www.ucnc.com.co\/sitio\/wp-content\/uploads\/2020\/03\/logo.png","width":1614,"height":1753,"caption":"Uni\u00f3n Colegiada del Notariado Colombiano"},"image":{"@id":"https:\/\/www.ucnc.com.co\/sitio\/#\/schema\/logo\/image\/"},"sameAs":["https:\/\/www.facebook.com\/NotariadoColombiano\/","https:\/\/x.com\/notariadoucnc","https:\/\/www.instagram.com\/notariado_ucnc\/","https:\/\/www.linkedin.com\/company\/ucnc","https:\/\/www.exijobiometria.com.co\/","https:\/\/www.youtube.com\/channel\/UC8JdCyZfLJgPiGOM1qvJFQA"]}]}},"_links":{"self":[{"href":"https:\/\/www.ucnc.com.co\/sitio\/wp-json\/wp\/v2\/pages\/63"}],"collection":[{"href":"https:\/\/www.ucnc.com.co\/sitio\/wp-json\/wp\/v2\/pages"}],"about":[{"href":"https:\/\/www.ucnc.com.co\/sitio\/wp-json\/wp\/v2\/types\/page"}],"author":[{"embeddable":true,"href":"https:\/\/www.ucnc.com.co\/sitio\/wp-json\/wp\/v2\/users\/1"}],"replies":[{"embeddable":true,"href":"https:\/\/www.ucnc.com.co\/sitio\/wp-json\/wp\/v2\/comments?post=63"}],"version-history":[{"count":3,"href":"https:\/\/www.ucnc.com.co\/sitio\/wp-json\/wp\/v2\/pages\/63\/revisions"}],"predecessor-version":[{"id":3983,"href":"https:\/\/www.ucnc.com.co\/sitio\/wp-json\/wp\/v2\/pages\/63\/revisions\/3983"}],"wp:attachment":[{"href":"https:\/\/www.ucnc.com.co\/sitio\/wp-json\/wp\/v2\/media?parent=63"}],"curies":[{"name":"wp","href":"https:\/\/api.w.org\/{rel}","templated":true}]}}