{"id":68,"date":"2020-02-21T14:38:22","date_gmt":"2020-02-21T19:38:22","guid":{"rendered":"http:\/\/107.190.140.202\/~wordpressucnccom\/wordpress\/?page_id=68"},"modified":"2025-05-13T15:00:29","modified_gmt":"2025-05-13T20:00:29","slug":"estatutos-ucnc","status":"publish","type":"page","link":"https:\/\/www.ucnc.com.co\/sitio\/estatutos-ucnc\/","title":{"rendered":"Estatutos &#8220;U.C.N.C.&#8221;"},"content":{"rendered":"\t\t<div data-elementor-type=\"wp-page\" data-elementor-id=\"68\" class=\"elementor elementor-68\" data-elementor-post-type=\"page\">\n\t\t\t\t\t\t\t\t\t<section class=\"elementor-section elementor-top-section elementor-element elementor-element-a593c7c elementor-reverse-mobile elementor-section-boxed elementor-section-height-default elementor-section-height-default\" data-id=\"a593c7c\" data-element_type=\"section\">\n\t\t\t\t\t\t<div class=\"elementor-container elementor-column-gap-default\">\n\t\t\t\t\t<div class=\"elementor-column elementor-col-66 elementor-top-column elementor-element elementor-element-79fae31\" data-id=\"79fae31\" data-element_type=\"column\">\n\t\t\t<div class=\"elementor-widget-wrap elementor-element-populated\">\n\t\t\t\t\t\t\t\t<div class=\"elementor-element elementor-element-ee0f058 elementor-widget elementor-widget-heading\" data-id=\"ee0f058\" data-element_type=\"widget\" data-widget_type=\"heading.default\">\n\t\t\t\t<div class=\"elementor-widget-container\">\n\t\t\t<style>\/*! elementor - v3.15.0 - 20-08-2023 *\/\n.elementor-heading-title{padding:0;margin:0;line-height:1}.elementor-widget-heading .elementor-heading-title[class*=elementor-size-]>a{color:inherit;font-size:inherit;line-height:inherit}.elementor-widget-heading .elementor-heading-title.elementor-size-small{font-size:15px}.elementor-widget-heading .elementor-heading-title.elementor-size-medium{font-size:19px}.elementor-widget-heading .elementor-heading-title.elementor-size-large{font-size:29px}.elementor-widget-heading .elementor-heading-title.elementor-size-xl{font-size:39px}.elementor-widget-heading .elementor-heading-title.elementor-size-xxl{font-size:59px}<\/style><h2 class=\"elementor-heading-title elementor-size-default\">Pre\u00e1mbulo<\/h2>\t\t<\/div>\n\t\t\t\t<\/div>\n\t\t\t\t<div class=\"elementor-element elementor-element-1a7b49a elementor-widget elementor-widget-text-editor\" data-id=\"1a7b49a\" data-element_type=\"widget\" data-widget_type=\"text-editor.default\">\n\t\t\t\t<div class=\"elementor-widget-container\">\n\t\t\t<style>\/*! elementor - v3.15.0 - 20-08-2023 *\/\n.elementor-widget-text-editor.elementor-drop-cap-view-stacked .elementor-drop-cap{background-color:#69727d;color:#fff}.elementor-widget-text-editor.elementor-drop-cap-view-framed .elementor-drop-cap{color:#69727d;border:3px solid;background-color:transparent}.elementor-widget-text-editor:not(.elementor-drop-cap-view-default) .elementor-drop-cap{margin-top:8px}.elementor-widget-text-editor:not(.elementor-drop-cap-view-default) .elementor-drop-cap-letter{width:1em;height:1em}.elementor-widget-text-editor .elementor-drop-cap{float:left;text-align:center;line-height:1;font-size:50px}.elementor-widget-text-editor .elementor-drop-cap-letter{display:inline-block}<\/style>\t\t\t\t<p>Los Notarios de la Rep\u00fablica de Colombia afiliados a la UCNC declaramos la constituci\u00f3n de la Asociaci\u00f3n denominada <strong>UNI\u00d3N COLEGIADA DEL NOTARIADO COLOMBIANO UCNC<\/strong>, cuyo objeto principal es la elevaci\u00f3n moral, intelectual, acad\u00e9mica, cient\u00edfica, tecnol\u00f3gica y material de la Instituci\u00f3n Notarial, as\u00ed como el de estimular en sus asociados el cumplimiento de la Constituci\u00f3n Pol\u00edtica, de las leyes y de los principios de Deontolog\u00eda Notarial, para el pulcro y eficiente ejercicio de la Funci\u00f3n Fedataria. Con fundamento en estos postulados, as\u00ed mismo propiciar\u00e1 la convivencia, la paz jur\u00eddica y social de la comunidad, la defensa de la democracia, el respeto al imperio de la ley y las instituciones legalmente constituidas.<\/p><p>Integran esta asociaci\u00f3n los Notarios del pa\u00eds que est\u00e9n afiliados a la misma. No habr\u00e1 discriminaci\u00f3n de ning\u00fan tipo ni por raz\u00f3n alguna.<\/p><p>La UCNC propiciar\u00e1 el bienestar de sus miembros, el mejoramiento de sus condiciones personales, su estabilidad, capacitaci\u00f3n e ilustraci\u00f3n para el ejercicio del cargo, con el fin de enaltecer la noble misi\u00f3n del Notario, bajo los principios y fundamentos de la moral, honestidad, transparencia, \u00e9tica, seguridad jur\u00eddica, legalidad y excelencia en el servicio.<br \/>La solidaridad y fraternidad entre los asociados constituyen la aut\u00e9ntica expresi\u00f3n de unidad gremial.<\/p>\t\t\t\t\t\t<\/div>\n\t\t\t\t<\/div>\n\t\t\t\t<div class=\"elementor-element elementor-element-71c1f9f elementor-widget elementor-widget-button\" data-id=\"71c1f9f\" data-element_type=\"widget\" data-widget_type=\"button.default\">\n\t\t\t\t<div class=\"elementor-widget-container\">\n\t\t\t\t\t<div class=\"elementor-button-wrapper\">\n\t\t\t<a class=\"elementor-button elementor-button-link elementor-size-sm\" href=\"https:\/\/www.ucnc.com.co\/sitio\/wp-content\/uploads\/2025\/05\/UCNC-Estatutos2024.pdf\" target=\"_blank\">\n\t\t\t\t\t\t<span class=\"elementor-button-content-wrapper\">\n\t\t\t\t\t\t<span class=\"elementor-button-icon elementor-align-icon-right\">\n\t\t\t\t<i aria-hidden=\"true\" class=\"fas fa-arrow-right\"><\/i>\t\t\t<\/span>\n\t\t\t\t\t\t<span class=\"elementor-button-text\">Leer m\u00e1s<\/span>\n\t\t<\/span>\n\t\t\t\t\t<\/a>\n\t\t<\/div>\n\t\t\t\t<\/div>\n\t\t\t\t<\/div>\n\t\t\t\t\t<\/div>\n\t\t<\/div>\n\t\t\t\t<div class=\"elementor-column elementor-col-33 elementor-top-column elementor-element elementor-element-b702251\" data-id=\"b702251\" data-element_type=\"column\">\n\t\t\t<div class=\"elementor-widget-wrap elementor-element-populated\">\n\t\t\t\t\t\t\t\t<div class=\"elementor-element elementor-element-02c9776 elementor-widget-tablet__width-initial elementor-widget-mobile__width-initial elementor-widget elementor-widget-image\" data-id=\"02c9776\" data-element_type=\"widget\" data-widget_type=\"image.default\">\n\t\t\t\t<div class=\"elementor-widget-container\">\n\t\t\t<style>\/*! elementor - v3.15.0 - 20-08-2023 *\/\n.elementor-widget-image{text-align:center}.elementor-widget-image a{display:inline-block}.elementor-widget-image a img[src$=\".svg\"]{width:48px}.elementor-widget-image img{vertical-align:middle;display:inline-block}<\/style>\t\t\t\t\t\t\t\t\t\t\t\t\t<a href=\"https:\/\/www.ucnc.com.co\/sitio\/wp-content\/uploads\/2025\/05\/UCNC-Estatutos2024.pdf\" target=\"_blank\">\n\t\t\t\t\t\t\t<img decoding=\"async\" width=\"757\" height=\"1024\" src=\"https:\/\/www.ucnc.com.co\/sitio\/wp-content\/uploads\/2025\/05\/Portada-Estatutos-2024-757x1024.png\" class=\"attachment-large size-large wp-image-18221\" alt=\"\" srcset=\"https:\/\/www.ucnc.com.co\/sitio\/wp-content\/uploads\/2025\/05\/Portada-Estatutos-2024-757x1024.png 757w, https:\/\/www.ucnc.com.co\/sitio\/wp-content\/uploads\/2025\/05\/Portada-Estatutos-2024-222x300.png 222w, https:\/\/www.ucnc.com.co\/sitio\/wp-content\/uploads\/2025\/05\/Portada-Estatutos-2024-768x1039.png 768w, https:\/\/www.ucnc.com.co\/sitio\/wp-content\/uploads\/2025\/05\/Portada-Estatutos-2024-1136x1536.png 1136w, https:\/\/www.ucnc.com.co\/sitio\/wp-content\/uploads\/2025\/05\/Portada-Estatutos-2024.png 1441w\" sizes=\"(max-width: 757px) 100vw, 757px\" \/>\t\t\t\t\t\t\t\t<\/a>\n\t\t\t\t\t\t\t\t\t\t\t\t\t\t\t<\/div>\n\t\t\t\t<\/div>\n\t\t\t\t<div class=\"elementor-element elementor-element-e24ae81 elementor-align-center elementor-widget elementor-widget-button\" data-id=\"e24ae81\" data-element_type=\"widget\" data-widget_type=\"button.default\">\n\t\t\t\t<div class=\"elementor-widget-container\">\n\t\t\t\t\t<div class=\"elementor-button-wrapper\">\n\t\t\t<a class=\"elementor-button elementor-button-link elementor-size-xl\" href=\"https:\/\/www.ucnc.com.co\/sitio\/wp-content\/uploads\/2025\/05\/UCNC-Estatutos2024.pdf\" target=\"_blank\">\n\t\t\t\t\t\t<span class=\"elementor-button-content-wrapper\">\n\t\t\t\t\t\t<span class=\"elementor-button-text\">Ver Estatutos<\/span>\n\t\t<\/span>\n\t\t\t\t\t<\/a>\n\t\t<\/div>\n\t\t\t\t<\/div>\n\t\t\t\t<\/div>\n\t\t\t\t\t<\/div>\n\t\t<\/div>\n\t\t\t\t\t\t\t<\/div>\n\t\t<\/section>\n\t\t\t\t\t\t\t<\/div>\n\t\t","protected":false},"excerpt":{"rendered":"<p>Pre\u00e1mbulo Los Notarios de la Rep\u00fablica de Colombia afiliados a la UCNC declaramos la constituci\u00f3n de la Asociaci\u00f3n denominada UNI\u00d3N COLEGIADA DEL NOTARIADO COLOMBIANO UCNC, cuyo objeto principal es la elevaci\u00f3n moral, intelectual, acad\u00e9mica, cient\u00edfica, tecnol\u00f3gica y material de la Instituci\u00f3n Notarial, as\u00ed como el de estimular en sus asociados el cumplimiento de la Constituci\u00f3n &hellip;<\/p>\n<p class=\"read-more\"> <a class=\"\" href=\"https:\/\/www.ucnc.com.co\/sitio\/estatutos-ucnc\/\"> <span class=\"screen-reader-text\">Estatutos &#8220;U.C.N.C.&#8221;<\/span> Leer m\u00e1s &raquo;<\/a><\/p>\n","protected":false},"author":1,"featured_media":0,"parent":0,"menu_order":0,"comment_status":"closed","ping_status":"closed","template":"","meta":{"site-sidebar-layout":"default","site-content-layout":"","ast-site-content-layout":"","site-content-style":"default","site-sidebar-style":"default","ast-global-header-display":"","ast-banner-title-visibility":"","ast-main-header-display":"","ast-hfb-above-header-display":"","ast-hfb-below-header-display":"","ast-hfb-mobile-header-display":"","site-post-title":"","ast-breadcrumbs-content":"","ast-featured-img":"","footer-sml-layout":"","theme-transparent-header-meta":"","adv-header-id-meta":"","stick-header-meta":"","header-above-stick-meta":"","header-main-stick-meta":"","header-below-stick-meta":"","astra-migrate-meta-layouts":"","footnotes":""},"yoast_head":"<!-- This site is optimized with the Yoast SEO plugin v22.6 - https:\/\/yoast.com\/wordpress\/plugins\/seo\/ -->\n<title>Estatutos UCNC - Uni\u00f3n Colegiada del Notariado Colombiano<\/title>\n<meta name=\"description\" content=\"Conozca aqu\u00ed los estatutos UCNC, Integran esta Asociaci\u00f3n los notarios del pa\u00eds que est\u00e9n afiliados a la misma.\" \/>\n<meta name=\"robots\" content=\"index, follow, max-snippet:-1, max-image-preview:large, max-video-preview:-1\" \/>\n<link rel=\"canonical\" href=\"https:\/\/www.ucnc.com.co\/sitio\/estatutos-ucnc\/\" \/>\n<meta property=\"og:locale\" content=\"es_ES\" \/>\n<meta property=\"og:type\" content=\"article\" \/>\n<meta property=\"og:title\" content=\"Estatutos UCNC - Uni\u00f3n Colegiada del Notariado Colombiano\" \/>\n<meta property=\"og:description\" content=\"Conozca aqu\u00ed los estatutos UCNC, Integran esta Asociaci\u00f3n los notarios del pa\u00eds que est\u00e9n afiliados a la misma.\" \/>\n<meta property=\"og:url\" content=\"https:\/\/www.ucnc.com.co\/sitio\/estatutos-ucnc\/\" \/>\n<meta property=\"og:site_name\" content=\"UCNC - Uni\u00f3n Colegiada del Notariado Colombiano\" \/>\n<meta property=\"article:publisher\" content=\"https:\/\/www.facebook.com\/NotariadoColombiano\/\" \/>\n<meta property=\"article:modified_time\" content=\"2025-05-13T20:00:29+00:00\" \/>\n<meta property=\"og:image\" content=\"https:\/\/www.ucnc.com.co\/sitio\/wp-content\/uploads\/2025\/05\/Portada-Estatutos-2024-757x1024.png\" \/>\n<meta name=\"twitter:card\" content=\"summary_large_image\" \/>\n<meta name=\"twitter:site\" content=\"@notariadoucnc\" \/>\n<meta name=\"twitter:label1\" content=\"Tiempo de lectura\" \/>\n\t<meta name=\"twitter:data1\" content=\"2 minutos\" \/>\n<script type=\"application\/ld+json\" class=\"yoast-schema-graph\">{\"@context\":\"https:\/\/schema.org\",\"@graph\":[{\"@type\":\"WebPage\",\"@id\":\"https:\/\/www.ucnc.com.co\/sitio\/estatutos-ucnc\/\",\"url\":\"https:\/\/www.ucnc.com.co\/sitio\/estatutos-ucnc\/\",\"name\":\"Estatutos UCNC - Uni\u00f3n Colegiada del Notariado Colombiano\",\"isPartOf\":{\"@id\":\"https:\/\/www.ucnc.com.co\/sitio\/#website\"},\"primaryImageOfPage\":{\"@id\":\"https:\/\/www.ucnc.com.co\/sitio\/estatutos-ucnc\/#primaryimage\"},\"image\":{\"@id\":\"https:\/\/www.ucnc.com.co\/sitio\/estatutos-ucnc\/#primaryimage\"},\"thumbnailUrl\":\"https:\/\/www.ucnc.com.co\/sitio\/wp-content\/uploads\/2025\/05\/Portada-Estatutos-2024-757x1024.png\",\"datePublished\":\"2020-02-21T19:38:22+00:00\",\"dateModified\":\"2025-05-13T20:00:29+00:00\",\"description\":\"Conozca aqu\u00ed los estatutos UCNC, Integran esta Asociaci\u00f3n los notarios del pa\u00eds que est\u00e9n afiliados a la misma.\",\"breadcrumb\":{\"@id\":\"https:\/\/www.ucnc.com.co\/sitio\/estatutos-ucnc\/#breadcrumb\"},\"inLanguage\":\"es-CO\",\"potentialAction\":[{\"@type\":\"ReadAction\",\"target\":[\"https:\/\/www.ucnc.com.co\/sitio\/estatutos-ucnc\/\"]}]},{\"@type\":\"ImageObject\",\"inLanguage\":\"es-CO\",\"@id\":\"https:\/\/www.ucnc.com.co\/sitio\/estatutos-ucnc\/#primaryimage\",\"url\":\"https:\/\/www.ucnc.com.co\/sitio\/wp-content\/uploads\/2025\/05\/Portada-Estatutos-2024.png\",\"contentUrl\":\"https:\/\/www.ucnc.com.co\/sitio\/wp-content\/uploads\/2025\/05\/Portada-Estatutos-2024.png\",\"width\":1441,\"height\":1949},{\"@type\":\"BreadcrumbList\",\"@id\":\"https:\/\/www.ucnc.com.co\/sitio\/estatutos-ucnc\/#breadcrumb\",\"itemListElement\":[{\"@type\":\"ListItem\",\"position\":1,\"name\":\"Home\",\"item\":\"https:\/\/www.ucnc.com.co\/sitio\/\"},{\"@type\":\"ListItem\",\"position\":2,\"name\":\"Estatutos &#8220;U.C.N.C.&#8221;\"}]},{\"@type\":\"WebSite\",\"@id\":\"https:\/\/www.ucnc.com.co\/sitio\/#website\",\"url\":\"https:\/\/www.ucnc.com.co\/sitio\/\",\"name\":\"UCNC - Uni\u00f3n Colegiada del Notariado Colombiano\",\"description\":\"Entidad privada sin \u00e1nimo de lucro que re\u00fane y representa a los notarios de Colombia.\",\"publisher\":{\"@id\":\"https:\/\/www.ucnc.com.co\/sitio\/#organization\"},\"alternateName\":\"UCNC\",\"potentialAction\":[{\"@type\":\"SearchAction\",\"target\":{\"@type\":\"EntryPoint\",\"urlTemplate\":\"https:\/\/www.ucnc.com.co\/sitio\/?s={search_term_string}\"},\"query-input\":\"required name=search_term_string\"}],\"inLanguage\":\"es-CO\"},{\"@type\":\"Organization\",\"@id\":\"https:\/\/www.ucnc.com.co\/sitio\/#organization\",\"name\":\"Uni\u00f3n Colegiada del Notariado Colombiano\",\"alternateName\":\"UCNC\",\"url\":\"https:\/\/www.ucnc.com.co\/sitio\/\",\"logo\":{\"@type\":\"ImageObject\",\"inLanguage\":\"es-CO\",\"@id\":\"https:\/\/www.ucnc.com.co\/sitio\/#\/schema\/logo\/image\/\",\"url\":\"https:\/\/www.ucnc.com.co\/sitio\/wp-content\/uploads\/2020\/03\/logo.png\",\"contentUrl\":\"https:\/\/www.ucnc.com.co\/sitio\/wp-content\/uploads\/2020\/03\/logo.png\",\"width\":1614,\"height\":1753,\"caption\":\"Uni\u00f3n Colegiada del Notariado Colombiano\"},\"image\":{\"@id\":\"https:\/\/www.ucnc.com.co\/sitio\/#\/schema\/logo\/image\/\"},\"sameAs\":[\"https:\/\/www.facebook.com\/NotariadoColombiano\/\",\"https:\/\/x.com\/notariadoucnc\",\"https:\/\/www.instagram.com\/notariado_ucnc\/\",\"https:\/\/www.linkedin.com\/company\/ucnc\",\"https:\/\/www.exijobiometria.com.co\/\",\"https:\/\/www.youtube.com\/channel\/UC8JdCyZfLJgPiGOM1qvJFQA\"]}]}<\/script>\n<!-- \/ Yoast SEO plugin. -->","yoast_head_json":{"title":"Estatutos UCNC - Uni\u00f3n Colegiada del Notariado Colombiano","description":"Conozca aqu\u00ed los estatutos UCNC, Integran esta Asociaci\u00f3n los notarios del pa\u00eds que est\u00e9n afiliados a la misma.","robots":{"index":"index","follow":"follow","max-snippet":"max-snippet:-1","max-image-preview":"max-image-preview:large","max-video-preview":"max-video-preview:-1"},"canonical":"https:\/\/www.ucnc.com.co\/sitio\/estatutos-ucnc\/","og_locale":"es_ES","og_type":"article","og_title":"Estatutos UCNC - Uni\u00f3n Colegiada del Notariado Colombiano","og_description":"Conozca aqu\u00ed los estatutos UCNC, Integran esta Asociaci\u00f3n los notarios del pa\u00eds que est\u00e9n afiliados a la misma.","og_url":"https:\/\/www.ucnc.com.co\/sitio\/estatutos-ucnc\/","og_site_name":"UCNC - Uni\u00f3n Colegiada del Notariado Colombiano","article_publisher":"https:\/\/www.facebook.com\/NotariadoColombiano\/","article_modified_time":"2025-05-13T20:00:29+00:00","og_image":[{"url":"https:\/\/www.ucnc.com.co\/sitio\/wp-content\/uploads\/2025\/05\/Portada-Estatutos-2024-757x1024.png"}],"twitter_card":"summary_large_image","twitter_site":"@notariadoucnc","twitter_misc":{"Tiempo de lectura":"2 minutos"},"schema":{"@context":"https:\/\/schema.org","@graph":[{"@type":"WebPage","@id":"https:\/\/www.ucnc.com.co\/sitio\/estatutos-ucnc\/","url":"https:\/\/www.ucnc.com.co\/sitio\/estatutos-ucnc\/","name":"Estatutos UCNC - Uni\u00f3n Colegiada del Notariado Colombiano","isPartOf":{"@id":"https:\/\/www.ucnc.com.co\/sitio\/#website"},"primaryImageOfPage":{"@id":"https:\/\/www.ucnc.com.co\/sitio\/estatutos-ucnc\/#primaryimage"},"image":{"@id":"https:\/\/www.ucnc.com.co\/sitio\/estatutos-ucnc\/#primaryimage"},"thumbnailUrl":"https:\/\/www.ucnc.com.co\/sitio\/wp-content\/uploads\/2025\/05\/Portada-Estatutos-2024-757x1024.png","datePublished":"2020-02-21T19:38:22+00:00","dateModified":"2025-05-13T20:00:29+00:00","description":"Conozca aqu\u00ed los estatutos UCNC, Integran esta Asociaci\u00f3n los notarios del pa\u00eds que est\u00e9n afiliados a la misma.","breadcrumb":{"@id":"https:\/\/www.ucnc.com.co\/sitio\/estatutos-ucnc\/#breadcrumb"},"inLanguage":"es-CO","potentialAction":[{"@type":"ReadAction","target":["https:\/\/www.ucnc.com.co\/sitio\/estatutos-ucnc\/"]}]},{"@type":"ImageObject","inLanguage":"es-CO","@id":"https:\/\/www.ucnc.com.co\/sitio\/estatutos-ucnc\/#primaryimage","url":"https:\/\/www.ucnc.com.co\/sitio\/wp-content\/uploads\/2025\/05\/Portada-Estatutos-2024.png","contentUrl":"https:\/\/www.ucnc.com.co\/sitio\/wp-content\/uploads\/2025\/05\/Portada-Estatutos-2024.png","width":1441,"height":1949},{"@type":"BreadcrumbList","@id":"https:\/\/www.ucnc.com.co\/sitio\/estatutos-ucnc\/#breadcrumb","itemListElement":[{"@type":"ListItem","position":1,"name":"Home","item":"https:\/\/www.ucnc.com.co\/sitio\/"},{"@type":"ListItem","position":2,"name":"Estatutos &#8220;U.C.N.C.&#8221;"}]},{"@type":"WebSite","@id":"https:\/\/www.ucnc.com.co\/sitio\/#website","url":"https:\/\/www.ucnc.com.co\/sitio\/","name":"UCNC - Uni\u00f3n Colegiada del Notariado Colombiano","description":"Entidad privada sin \u00e1nimo de lucro que re\u00fane y representa a los notarios de Colombia.","publisher":{"@id":"https:\/\/www.ucnc.com.co\/sitio\/#organization"},"alternateName":"UCNC","potentialAction":[{"@type":"SearchAction","target":{"@type":"EntryPoint","urlTemplate":"https:\/\/www.ucnc.com.co\/sitio\/?s={search_term_string}"},"query-input":"required name=search_term_string"}],"inLanguage":"es-CO"},{"@type":"Organization","@id":"https:\/\/www.ucnc.com.co\/sitio\/#organization","name":"Uni\u00f3n Colegiada del Notariado Colombiano","alternateName":"UCNC","url":"https:\/\/www.ucnc.com.co\/sitio\/","logo":{"@type":"ImageObject","inLanguage":"es-CO","@id":"https:\/\/www.ucnc.com.co\/sitio\/#\/schema\/logo\/image\/","url":"https:\/\/www.ucnc.com.co\/sitio\/wp-content\/uploads\/2020\/03\/logo.png","contentUrl":"https:\/\/www.ucnc.com.co\/sitio\/wp-content\/uploads\/2020\/03\/logo.png","width":1614,"height":1753,"caption":"Uni\u00f3n Colegiada del Notariado Colombiano"},"image":{"@id":"https:\/\/www.ucnc.com.co\/sitio\/#\/schema\/logo\/image\/"},"sameAs":["https:\/\/www.facebook.com\/NotariadoColombiano\/","https:\/\/x.com\/notariadoucnc","https:\/\/www.instagram.com\/notariado_ucnc\/","https:\/\/www.linkedin.com\/company\/ucnc","https:\/\/www.exijobiometria.com.co\/","https:\/\/www.youtube.com\/channel\/UC8JdCyZfLJgPiGOM1qvJFQA"]}]}},"_links":{"self":[{"href":"https:\/\/www.ucnc.com.co\/sitio\/wp-json\/wp\/v2\/pages\/68"}],"collection":[{"href":"https:\/\/www.ucnc.com.co\/sitio\/wp-json\/wp\/v2\/pages"}],"about":[{"href":"https:\/\/www.ucnc.com.co\/sitio\/wp-json\/wp\/v2\/types\/page"}],"author":[{"embeddable":true,"href":"https:\/\/www.ucnc.com.co\/sitio\/wp-json\/wp\/v2\/users\/1"}],"replies":[{"embeddable":true,"href":"https:\/\/www.ucnc.com.co\/sitio\/wp-json\/wp\/v2\/comments?post=68"}],"version-history":[{"count":117,"href":"https:\/\/www.ucnc.com.co\/sitio\/wp-json\/wp\/v2\/pages\/68\/revisions"}],"predecessor-version":[{"id":18224,"href":"https:\/\/www.ucnc.com.co\/sitio\/wp-json\/wp\/v2\/pages\/68\/revisions\/18224"}],"wp:attachment":[{"href":"https:\/\/www.ucnc.com.co\/sitio\/wp-json\/wp\/v2\/media?parent=68"}],"curies":[{"name":"wp","href":"https:\/\/api.w.org\/{rel}","templated":true}]}}