{"id":7,"date":"2020-02-21T11:09:19","date_gmt":"2020-02-21T16:09:19","guid":{"rendered":"http:\/\/107.190.140.202\/~wordpressucnccom\/wordpress\/?page_id=3"},"modified":"2020-05-18T11:44:01","modified_gmt":"2020-05-18T16:44:01","slug":"tratamiento-de-datos-personales","status":"publish","type":"page","link":"https:\/\/www.ucnc.com.co\/sitio\/tratamiento-de-datos-personales\/","title":{"rendered":"Tratamiento de datos personales"},"content":{"rendered":"\n<h3>Tratamiento de datos personales<\/h3>\n<p style=\"text-align: justify;\">La\u00a0<strong>UNI\u00d3N COLEGIADA DEL NOTARIADO COLOMBIANO \u201cU.C.N.C.\u201d,<\/strong> identificada con NIT. 860031959-0, ubicada en la Carrera 9 No. 97 \u2013 20 de la ciudad de Bogot\u00e1 D.C.,<\/p>\n<p style=\"text-align: justify;\">en calidad de responsable del manejo y tratamiento de datos personales, le informa que los datos solicitados en este formulario: https:\/\/www.ucnc.com.co\/sitio\/contacto\/;<\/p>\n<p style=\"text-align: justify;\">ser\u00e1n almacenados en las bases de datos de la entidad, con el fin de dar tr\u00e1mite a su consulta o requerimiento y mantenerlos con fines estad\u00edsticos,hist\u00f3ricos y para control de calidad.<\/p>\n<p style=\"text-align: justify;\">As\u00ed mismo le comunica que su informaci\u00f3n podr\u00e1 ser compartida con terceros para el cumplimiento de las finalidades ya informadas, y ser utilizada para mantener contacto con usted por medios f\u00edsicos, telef\u00f3nicos y\/o digitales.<\/p>\n\n\n\n<p style=\"text-align: justify;\">Al diligenciar y enviar el formulario, usted autoriza a la \u201cU.C.N.C.\u201d a realizar el tratamiento de sus datos para los fines ya mencionados y declara conocer que<\/p>\n<p style=\"text-align: justify;\">podr\u00e1 obtener informaci\u00f3n adicional sobre el tratamiento que se le da a su informaci\u00f3n personal por medio de nuestra pol\u00edtica de privacidad publicada<\/p>\n<p style=\"text-align: justify;\">en el este link donde que podr\u00e1 conocer, actualizar, rectificar y suprimir su informaci\u00f3n personal de las bases de datos de la \u201cU.C.N.C.\u201d<\/p>\n<p style=\"text-align: justify;\">por medio de correo electr\u00f3nico ( \u00a0<a href=\"mailto:tratamientodatos@ucnc.com.co\">tratamientodatos@ucnc.com.co <\/a>),<\/p>\n<p style=\"text-align: justify;\">v\u00eda telef\u00f3nica ( 7 46 40 40 \u2013 L\u00ednea gratuita 018000 180 245 )<\/p>\n<p style=\"text-align: justify;\">directamente en las\u00a0 oficinas de la \u201cU.C.N.C\u201d ubicadas en la Carrera 9 No 97 \u2013 20 en la ciudad de Bogot\u00e1 D.C.<\/p>\n\n\n\n<div class=\"wp-block-image\"><figure class=\"aligncenter size-large is-resized\"><img decoding=\"async\" src=\"http:\/\/107.190.140.202\/~wordpressucnccom\/wordpress\/wp-content\/uploads\/2020\/02\/tratamiento-1-753x1024.jpg\" alt=\"Imagen Tratamiento de datos personales\" class=\"wp-image-79\" width=\"413\" height=\"561\"\/><\/figure><\/div>\n\n\n\n<figure class=\"wp-block-image size-large\"><img decoding=\"async\" src=\"http:\/\/107.190.140.202\/~wordpressucnccom\/wordpress\/wp-content\/uploads\/2020\/02\/tratamiento-2-1024x679.jpg\" alt=\"Tratamiento de datos personales\" class=\"wp-image-80\"\/><\/figure>\n\n\n\n<p><img decoding=\"async\" class=\"alignnone  wp-image-848\" src=\"https:\/\/107.190.140.202\/~ucnccom\/wordpress\/wp-content\/uploads\/2020\/04\/pdf1-300x300.jpg\" alt=\"\" width=\"56\" height=\"56\" \/><a href=\"https:\/\/www.ucnc.com.co\/sitio\/politica-privacidad\/fo-dj-001-formato-autorizacion-tratamiento-de-datos-clientes-notariosv2\/\" target=\"_blank\" rel=\"attachment noopener wp-att-965 noreferrer\">Formato de Actualizaci\u00f3n de datos y Autorizaci\u00f3n de Tratamiento de datos Personales<\/a><\/p>\n<p><a href=\"https:\/\/www.ucnc.com.co\/sitio\/politica-privacidad\/ma-dir-002-manual-de-proteccion-y-tratamiento-datos-personales\/\" target=\"_blank\" rel=\"attachment noopener wp-att-966 noreferrer\">Manual de Protecci\u00f3n y Tratamiento de Datos Personales.<\/a><\/p>\n<p><a href=\"https:\/\/www.ucnc.com.co\/sitio\/politica-privacidad\/politica-de-tratamiento-de-datos-ucnc-version-3\/\" target=\"_blank\" rel=\"attachment noopener wp-att-967 noreferrer\">Pol\u00edtica de Tratamiento de datos Personales<\/a><\/p>\n<p><a href=\"https:\/\/www.ucnc.com.co\/sitio\/politica-privacidad\/memorando_2495_del_27_de_diciembre_notarios_del_pais_manejo_y_tratamiento_de_datos_personales-_ley_1581_de_2012_decreto_1377_de_2013_y_decreto_1074_de_2\/\" target=\"_blank\" rel=\"attachment noopener wp-att-970 noreferrer\">Memorando Actualizaci\u00f3n de datos y Autorizaci\u00f3n de Tratamiento de datos Personales<\/a><\/p>\n\n\n\n<p>Se\u00f1or Notario(a), si no ha diligenciado el formato de actualizaci\u00f3n de datos y autorizaci\u00f3n de tratamiento de datos personales, por favor enviar el formato diligenciado a los siguientes correos:&nbsp;<\/p>\n<p><a href=\"mailto:tratamientodatos@ucnc.com.co\" data-rich-text-format-boundary=\"true\">tratamientodatos@ucnc.com.co&nbsp;<\/a>&nbsp; y\/o&nbsp;&nbsp;<a href=\"mailto:seguridad.informacion@ucnc.com.co\" data-rich-text-format-boundary=\"true\">seguridad.informacion@ucnc.com.co<\/a><\/p>\n\n\n\n<p>Conozca nuestros boletines de prensa haciendo <a href=\"https:\/\/www.ucnc.com.co\/sitio\/boletines-de-prensa-2020\/\">clic aqu\u00ed<\/a><\/p>\n\n\n\n<p>Consulte nuestras \u00faltimas publicaciones en <a href=\"https:\/\/twitter.com\/notariadoucnc\">Twitter<\/a><\/p>\n","protected":false},"excerpt":{"rendered":"<p>Tratamiento de datos personales La\u00a0UNI\u00d3N COLEGIADA DEL NOTARIADO COLOMBIANO \u201cU.C.N.C.\u201d, identificada con NIT. 860031959-0, ubicada en la Carrera 9 No. 97 \u2013 20 de la ciudad de Bogot\u00e1 D.C., en calidad de responsable del manejo y tratamiento de datos personales, le informa que los datos solicitados en este formulario: https:\/\/www.ucnc.com.co\/sitio\/contacto\/; ser\u00e1n almacenados en las bases &hellip;<\/p>\n<p class=\"read-more\"> <a class=\"\" href=\"https:\/\/www.ucnc.com.co\/sitio\/tratamiento-de-datos-personales\/\"> <span class=\"screen-reader-text\">Tratamiento de datos personales<\/span> Leer m\u00e1s &raquo;<\/a><\/p>\n","protected":false},"author":1,"featured_media":0,"parent":0,"menu_order":0,"comment_status":"closed","ping_status":"open","template":"","meta":{"site-sidebar-layout":"default","site-content-layout":"","ast-site-content-layout":"","site-content-style":"default","site-sidebar-style":"default","ast-global-header-display":"","ast-banner-title-visibility":"","ast-main-header-display":"","ast-hfb-above-header-display":"","ast-hfb-below-header-display":"","ast-hfb-mobile-header-display":"","site-post-title":"","ast-breadcrumbs-content":"","ast-featured-img":"","footer-sml-layout":"","theme-transparent-header-meta":"","adv-header-id-meta":"","stick-header-meta":"","header-above-stick-meta":"","header-main-stick-meta":"","header-below-stick-meta":"","astra-migrate-meta-layouts":"","footnotes":""},"yoast_head":"<!-- This site is optimized with the Yoast SEO plugin v22.6 - https:\/\/yoast.com\/wordpress\/plugins\/seo\/ -->\n<title>Tratamiento de datos personales - UCNC - Uni\u00f3n Colegiada del Notariado Colombiano<\/title>\n<meta name=\"description\" content=\"Tratamiento de datos personales - La\u00a0UNI\u00d3N COLEGIADA DEL NOTARIADO COLOMBIANO \u201cU.C.N.C.\u201d, identificada con NIT. 860031959-0, ubicada en...\" \/>\n<meta name=\"robots\" content=\"index, follow, max-snippet:-1, max-image-preview:large, max-video-preview:-1\" \/>\n<link rel=\"canonical\" href=\"https:\/\/www.ucnc.com.co\/sitio\/tratamiento-de-datos-personales\/\" \/>\n<meta property=\"og:locale\" content=\"es_ES\" \/>\n<meta property=\"og:type\" content=\"article\" \/>\n<meta property=\"og:title\" content=\"Tratamiento de datos personales - UCNC - Uni\u00f3n Colegiada del Notariado Colombiano\" \/>\n<meta property=\"og:description\" content=\"Tratamiento de datos personales - La\u00a0UNI\u00d3N COLEGIADA DEL NOTARIADO COLOMBIANO \u201cU.C.N.C.\u201d, identificada con NIT. 860031959-0, ubicada en...\" \/>\n<meta property=\"og:url\" content=\"https:\/\/www.ucnc.com.co\/sitio\/tratamiento-de-datos-personales\/\" \/>\n<meta property=\"og:site_name\" content=\"UCNC - Uni\u00f3n Colegiada del Notariado Colombiano\" \/>\n<meta property=\"article:publisher\" content=\"https:\/\/www.facebook.com\/NotariadoColombiano\/\" \/>\n<meta property=\"article:modified_time\" content=\"2020-05-18T16:44:01+00:00\" \/>\n<meta property=\"og:image\" content=\"http:\/\/107.190.140.202\/~wordpressucnccom\/wordpress\/wp-content\/uploads\/2020\/02\/tratamiento-1-753x1024.jpg\" \/>\n<meta name=\"twitter:card\" content=\"summary_large_image\" \/>\n<meta name=\"twitter:site\" content=\"@notariadoucnc\" \/>\n<meta name=\"twitter:label1\" content=\"Tiempo de lectura\" \/>\n\t<meta name=\"twitter:data1\" content=\"2 minutos\" \/>\n<script type=\"application\/ld+json\" class=\"yoast-schema-graph\">{\"@context\":\"https:\/\/schema.org\",\"@graph\":[{\"@type\":\"WebPage\",\"@id\":\"https:\/\/www.ucnc.com.co\/sitio\/tratamiento-de-datos-personales\/\",\"url\":\"https:\/\/www.ucnc.com.co\/sitio\/tratamiento-de-datos-personales\/\",\"name\":\"Tratamiento de datos personales - UCNC - Uni\u00f3n Colegiada del Notariado Colombiano\",\"isPartOf\":{\"@id\":\"https:\/\/www.ucnc.com.co\/sitio\/#website\"},\"primaryImageOfPage\":{\"@id\":\"https:\/\/www.ucnc.com.co\/sitio\/tratamiento-de-datos-personales\/#primaryimage\"},\"image\":{\"@id\":\"https:\/\/www.ucnc.com.co\/sitio\/tratamiento-de-datos-personales\/#primaryimage\"},\"thumbnailUrl\":\"http:\/\/107.190.140.202\/~wordpressucnccom\/wordpress\/wp-content\/uploads\/2020\/02\/tratamiento-1-753x1024.jpg\",\"datePublished\":\"2020-02-21T16:09:19+00:00\",\"dateModified\":\"2020-05-18T16:44:01+00:00\",\"description\":\"Tratamiento de datos personales - La\u00a0UNI\u00d3N COLEGIADA DEL NOTARIADO COLOMBIANO \u201cU.C.N.C.\u201d, identificada con NIT. 860031959-0, ubicada en...\",\"breadcrumb\":{\"@id\":\"https:\/\/www.ucnc.com.co\/sitio\/tratamiento-de-datos-personales\/#breadcrumb\"},\"inLanguage\":\"es-CO\",\"potentialAction\":[{\"@type\":\"ReadAction\",\"target\":[\"https:\/\/www.ucnc.com.co\/sitio\/tratamiento-de-datos-personales\/\"]}]},{\"@type\":\"ImageObject\",\"inLanguage\":\"es-CO\",\"@id\":\"https:\/\/www.ucnc.com.co\/sitio\/tratamiento-de-datos-personales\/#primaryimage\",\"url\":\"http:\/\/107.190.140.202\/~wordpressucnccom\/wordpress\/wp-content\/uploads\/2020\/02\/tratamiento-1-753x1024.jpg\",\"contentUrl\":\"http:\/\/107.190.140.202\/~wordpressucnccom\/wordpress\/wp-content\/uploads\/2020\/02\/tratamiento-1-753x1024.jpg\"},{\"@type\":\"BreadcrumbList\",\"@id\":\"https:\/\/www.ucnc.com.co\/sitio\/tratamiento-de-datos-personales\/#breadcrumb\",\"itemListElement\":[{\"@type\":\"ListItem\",\"position\":1,\"name\":\"Home\",\"item\":\"https:\/\/www.ucnc.com.co\/sitio\/\"},{\"@type\":\"ListItem\",\"position\":2,\"name\":\"Tratamiento de datos personales\"}]},{\"@type\":\"WebSite\",\"@id\":\"https:\/\/www.ucnc.com.co\/sitio\/#website\",\"url\":\"https:\/\/www.ucnc.com.co\/sitio\/\",\"name\":\"UCNC - Uni\u00f3n Colegiada del Notariado Colombiano\",\"description\":\"Entidad privada sin \u00e1nimo de lucro que re\u00fane y representa a los notarios de Colombia.\",\"publisher\":{\"@id\":\"https:\/\/www.ucnc.com.co\/sitio\/#organization\"},\"alternateName\":\"UCNC\",\"potentialAction\":[{\"@type\":\"SearchAction\",\"target\":{\"@type\":\"EntryPoint\",\"urlTemplate\":\"https:\/\/www.ucnc.com.co\/sitio\/?s={search_term_string}\"},\"query-input\":\"required name=search_term_string\"}],\"inLanguage\":\"es-CO\"},{\"@type\":\"Organization\",\"@id\":\"https:\/\/www.ucnc.com.co\/sitio\/#organization\",\"name\":\"Uni\u00f3n Colegiada del Notariado Colombiano\",\"alternateName\":\"UCNC\",\"url\":\"https:\/\/www.ucnc.com.co\/sitio\/\",\"logo\":{\"@type\":\"ImageObject\",\"inLanguage\":\"es-CO\",\"@id\":\"https:\/\/www.ucnc.com.co\/sitio\/#\/schema\/logo\/image\/\",\"url\":\"https:\/\/www.ucnc.com.co\/sitio\/wp-content\/uploads\/2020\/03\/logo.png\",\"contentUrl\":\"https:\/\/www.ucnc.com.co\/sitio\/wp-content\/uploads\/2020\/03\/logo.png\",\"width\":1614,\"height\":1753,\"caption\":\"Uni\u00f3n Colegiada del Notariado Colombiano\"},\"image\":{\"@id\":\"https:\/\/www.ucnc.com.co\/sitio\/#\/schema\/logo\/image\/\"},\"sameAs\":[\"https:\/\/www.facebook.com\/NotariadoColombiano\/\",\"https:\/\/x.com\/notariadoucnc\",\"https:\/\/www.instagram.com\/notariado_ucnc\/\",\"https:\/\/www.linkedin.com\/company\/ucnc\",\"https:\/\/www.exijobiometria.com.co\/\",\"https:\/\/www.youtube.com\/channel\/UC8JdCyZfLJgPiGOM1qvJFQA\"]}]}<\/script>\n<!-- \/ Yoast SEO plugin. -->","yoast_head_json":{"title":"Tratamiento de datos personales - UCNC - Uni\u00f3n Colegiada del Notariado Colombiano","description":"Tratamiento de datos personales - La\u00a0UNI\u00d3N COLEGIADA DEL NOTARIADO COLOMBIANO \u201cU.C.N.C.\u201d, identificada con NIT. 860031959-0, ubicada en...","robots":{"index":"index","follow":"follow","max-snippet":"max-snippet:-1","max-image-preview":"max-image-preview:large","max-video-preview":"max-video-preview:-1"},"canonical":"https:\/\/www.ucnc.com.co\/sitio\/tratamiento-de-datos-personales\/","og_locale":"es_ES","og_type":"article","og_title":"Tratamiento de datos personales - UCNC - Uni\u00f3n Colegiada del Notariado Colombiano","og_description":"Tratamiento de datos personales - La\u00a0UNI\u00d3N COLEGIADA DEL NOTARIADO COLOMBIANO \u201cU.C.N.C.\u201d, identificada con NIT. 860031959-0, ubicada en...","og_url":"https:\/\/www.ucnc.com.co\/sitio\/tratamiento-de-datos-personales\/","og_site_name":"UCNC - Uni\u00f3n Colegiada del Notariado Colombiano","article_publisher":"https:\/\/www.facebook.com\/NotariadoColombiano\/","article_modified_time":"2020-05-18T16:44:01+00:00","og_image":[{"url":"http:\/\/107.190.140.202\/~wordpressucnccom\/wordpress\/wp-content\/uploads\/2020\/02\/tratamiento-1-753x1024.jpg"}],"twitter_card":"summary_large_image","twitter_site":"@notariadoucnc","twitter_misc":{"Tiempo de lectura":"2 minutos"},"schema":{"@context":"https:\/\/schema.org","@graph":[{"@type":"WebPage","@id":"https:\/\/www.ucnc.com.co\/sitio\/tratamiento-de-datos-personales\/","url":"https:\/\/www.ucnc.com.co\/sitio\/tratamiento-de-datos-personales\/","name":"Tratamiento de datos personales - UCNC - Uni\u00f3n Colegiada del Notariado Colombiano","isPartOf":{"@id":"https:\/\/www.ucnc.com.co\/sitio\/#website"},"primaryImageOfPage":{"@id":"https:\/\/www.ucnc.com.co\/sitio\/tratamiento-de-datos-personales\/#primaryimage"},"image":{"@id":"https:\/\/www.ucnc.com.co\/sitio\/tratamiento-de-datos-personales\/#primaryimage"},"thumbnailUrl":"http:\/\/107.190.140.202\/~wordpressucnccom\/wordpress\/wp-content\/uploads\/2020\/02\/tratamiento-1-753x1024.jpg","datePublished":"2020-02-21T16:09:19+00:00","dateModified":"2020-05-18T16:44:01+00:00","description":"Tratamiento de datos personales - La\u00a0UNI\u00d3N COLEGIADA DEL NOTARIADO COLOMBIANO \u201cU.C.N.C.\u201d, identificada con NIT. 860031959-0, ubicada en...","breadcrumb":{"@id":"https:\/\/www.ucnc.com.co\/sitio\/tratamiento-de-datos-personales\/#breadcrumb"},"inLanguage":"es-CO","potentialAction":[{"@type":"ReadAction","target":["https:\/\/www.ucnc.com.co\/sitio\/tratamiento-de-datos-personales\/"]}]},{"@type":"ImageObject","inLanguage":"es-CO","@id":"https:\/\/www.ucnc.com.co\/sitio\/tratamiento-de-datos-personales\/#primaryimage","url":"http:\/\/107.190.140.202\/~wordpressucnccom\/wordpress\/wp-content\/uploads\/2020\/02\/tratamiento-1-753x1024.jpg","contentUrl":"http:\/\/107.190.140.202\/~wordpressucnccom\/wordpress\/wp-content\/uploads\/2020\/02\/tratamiento-1-753x1024.jpg"},{"@type":"BreadcrumbList","@id":"https:\/\/www.ucnc.com.co\/sitio\/tratamiento-de-datos-personales\/#breadcrumb","itemListElement":[{"@type":"ListItem","position":1,"name":"Home","item":"https:\/\/www.ucnc.com.co\/sitio\/"},{"@type":"ListItem","position":2,"name":"Tratamiento de datos personales"}]},{"@type":"WebSite","@id":"https:\/\/www.ucnc.com.co\/sitio\/#website","url":"https:\/\/www.ucnc.com.co\/sitio\/","name":"UCNC - Uni\u00f3n Colegiada del Notariado Colombiano","description":"Entidad privada sin \u00e1nimo de lucro que re\u00fane y representa a los notarios de Colombia.","publisher":{"@id":"https:\/\/www.ucnc.com.co\/sitio\/#organization"},"alternateName":"UCNC","potentialAction":[{"@type":"SearchAction","target":{"@type":"EntryPoint","urlTemplate":"https:\/\/www.ucnc.com.co\/sitio\/?s={search_term_string}"},"query-input":"required name=search_term_string"}],"inLanguage":"es-CO"},{"@type":"Organization","@id":"https:\/\/www.ucnc.com.co\/sitio\/#organization","name":"Uni\u00f3n Colegiada del Notariado Colombiano","alternateName":"UCNC","url":"https:\/\/www.ucnc.com.co\/sitio\/","logo":{"@type":"ImageObject","inLanguage":"es-CO","@id":"https:\/\/www.ucnc.com.co\/sitio\/#\/schema\/logo\/image\/","url":"https:\/\/www.ucnc.com.co\/sitio\/wp-content\/uploads\/2020\/03\/logo.png","contentUrl":"https:\/\/www.ucnc.com.co\/sitio\/wp-content\/uploads\/2020\/03\/logo.png","width":1614,"height":1753,"caption":"Uni\u00f3n Colegiada del Notariado Colombiano"},"image":{"@id":"https:\/\/www.ucnc.com.co\/sitio\/#\/schema\/logo\/image\/"},"sameAs":["https:\/\/www.facebook.com\/NotariadoColombiano\/","https:\/\/x.com\/notariadoucnc","https:\/\/www.instagram.com\/notariado_ucnc\/","https:\/\/www.linkedin.com\/company\/ucnc","https:\/\/www.exijobiometria.com.co\/","https:\/\/www.youtube.com\/channel\/UC8JdCyZfLJgPiGOM1qvJFQA"]}]}},"_links":{"self":[{"href":"https:\/\/www.ucnc.com.co\/sitio\/wp-json\/wp\/v2\/pages\/7"}],"collection":[{"href":"https:\/\/www.ucnc.com.co\/sitio\/wp-json\/wp\/v2\/pages"}],"about":[{"href":"https:\/\/www.ucnc.com.co\/sitio\/wp-json\/wp\/v2\/types\/page"}],"author":[{"embeddable":true,"href":"https:\/\/www.ucnc.com.co\/sitio\/wp-json\/wp\/v2\/users\/1"}],"replies":[{"embeddable":true,"href":"https:\/\/www.ucnc.com.co\/sitio\/wp-json\/wp\/v2\/comments?post=7"}],"version-history":[{"count":12,"href":"https:\/\/www.ucnc.com.co\/sitio\/wp-json\/wp\/v2\/pages\/7\/revisions"}],"predecessor-version":[{"id":12480,"href":"https:\/\/www.ucnc.com.co\/sitio\/wp-json\/wp\/v2\/pages\/7\/revisions\/12480"}],"wp:attachment":[{"href":"https:\/\/www.ucnc.com.co\/sitio\/wp-json\/wp\/v2\/media?parent=7"}],"curies":[{"name":"wp","href":"https:\/\/api.w.org\/{rel}","templated":true}]}}